{"id":690,"date":"2017-11-08T11:57:33","date_gmt":"2017-11-08T16:57:33","guid":{"rendered":"http:\/\/www.andsinc.com\/recovery\/innovative\/"},"modified":"2021-07-08T13:08:06","modified_gmt":"2021-07-08T17:08:06","slug":"programmes-innovant-de-communications-juridiques","status":"publish","type":"page","link":"https:\/\/andsinc.wp.vortexdev.com\/fr\/services-de-recouvrement-et-de-litige\/programmes-innovant-de-communications-juridiques\/","title":{"rendered":"Programmes innovant de communications juridiques"},"content":{"rendered":"[mk_page_section bg_color=\u00a0\u00bb#002169&Prime; sidebar=\u00a0\u00bbsct_work\u00a0\u00bb][vc_column][vc_column_text el_class=\u00a0\u00bbtexte-blanc\u00a0\u00bb css=\u00a0\u00bb.vc_custom_1625764084286{margin-bottom: 0px !important;}\u00a0\u00bb]Anderson propose un programme innovant de communications juridiques g\u00e9n\u00e9r\u00e9es par l\u2019entremise d\u2019une plate-forme technologique. Cette plate-forme permet en outre la confirmation s\u00e9curis\u00e9e d\u2019envoi et de r\u00e9ception, des fonctions de localisation et de traitement de paiements. Ce programme peut \u00eatre particuli\u00e8rement efficace lorsqu&rsquo;il est utilis\u00e9 pr\u00e9alablement au processus judiciaires ou dans le cadre d\u2019un programme pr\u00e9-l\u00e9gal de recouvrement.<\/p>\n<p>Ce service peut \u00eatre personnalis\u00e9 pour g\u00e9n\u00e9rer diff\u00e9rents types de messages adapt\u00e9s \u00e0 l&rsquo;\u00e9tape pertinente du processus de recouvrement ou de r\u00e9clamation, tels que mise en demeure, suivis sur les promesses de paiement non tenues, suivis sur les appels t\u00e9l\u00e9phoniques non retourn\u00e9s ou tout autre message que nos clients peuvent vouloir transmettre.<\/p>\n<p>Des fonctionnalit\u00e9s de <em>reporting<\/em> int\u00e9gr\u00e9es sont propos\u00e9es pour colliger des donn\u00e9es pertinentes de gestion pour le b\u00e9n\u00e9fice de nos clients.<\/p>\n<p>Pour toutes questions, <a href=\"http:\/\/www.andsinc.com\/fr\/nos-bureaux\/\" aria-label=\"cliquez-ici pour nous \u00e9crire\">cliquez-ici<\/a>[\/vc_column_text][\/vc_column][\/mk_page_section]\n","protected":false},"excerpt":{"rendered":"<p>[mk_page_section bg_color=\u00a0\u00bb#002169&Prime; sidebar=\u00a0\u00bbsct_work\u00a0\u00bb][vc_column][vc_column_text el_class=\u00a0\u00bbtexte-blanc\u00a0\u00bb css=\u00a0\u00bb.vc_custom_1625764084286{margin-bottom: 0px !important;}\u00a0\u00bb]Anderson propose un programme innovant de communications juridiques g\u00e9n\u00e9r\u00e9es par l\u2019entremise d\u2019une plate-forme technologique. Cette plate-forme permet en outre la confirmation s\u00e9curis\u00e9e d\u2019envoi et de r\u00e9ception, des fonctions de localisation et de traitement de paiements. Ce programme peut \u00eatre particuli\u00e8rement efficace lorsqu&rsquo;il est utilis\u00e9 pr\u00e9alablement au processus judiciaires ou [&hellip;]<\/p>\n","protected":false},"author":3,"featured_media":0,"parent":687,"menu_order":0,"comment_status":"closed","ping_status":"closed","template":"","meta":{"footnotes":""},"class_list":["post-690","page","type-page","status-publish","hentry"],"yoast_head":"<!-- This site is optimized with the Yoast SEO plugin v27.0 - https:\/\/yoast.com\/product\/yoast-seo-wordpress\/ -->\n<title>Communications Juridiques | Anderson Sinclair<\/title>\n<meta name=\"description\" content=\"Ce service peut \u00eatre personnalis\u00e9 pour g\u00e9n\u00e9rer diff\u00e9rents types de messages adapt\u00e9s \u00e0 l\u2019\u00e9tape pertinente du processus de recouvrement ou de r\u00e9clamation.\" \/>\n<meta name=\"robots\" content=\"index, follow, max-snippet:-1, max-image-preview:large, max-video-preview:-1\" \/>\n<link rel=\"canonical\" href=\"https:\/\/andsinc.wp.vortexdev.com\/fr\/services-de-recouvrement-et-de-litige\/programmes-innovant-de-communications-juridiques\/\" \/>\n<meta property=\"og:locale\" content=\"fr_FR\" \/>\n<meta property=\"og:type\" content=\"article\" \/>\n<meta property=\"og:title\" content=\"Communications Juridiques | Anderson Sinclair\" \/>\n<meta property=\"og:description\" content=\"Ce service peut \u00eatre personnalis\u00e9 pour g\u00e9n\u00e9rer diff\u00e9rents types de messages adapt\u00e9s \u00e0 l\u2019\u00e9tape pertinente du processus de recouvrement ou de r\u00e9clamation.\" \/>\n<meta property=\"og:url\" content=\"https:\/\/andsinc.wp.vortexdev.com\/fr\/services-de-recouvrement-et-de-litige\/programmes-innovant-de-communications-juridiques\/\" \/>\n<meta property=\"og:site_name\" content=\"Anderson Sinclair Inc.\" \/>\n<meta property=\"article:modified_time\" content=\"2021-07-08T17:08:06+00:00\" \/>\n<meta name=\"twitter:card\" content=\"summary_large_image\" \/>\n<meta name=\"twitter:label1\" content=\"Dur\u00e9e de lecture estim\u00e9e\" \/>\n\t<meta name=\"twitter:data1\" content=\"1 minute\" \/>\n<script type=\"application\/ld+json\" class=\"yoast-schema-graph\">{\"@context\":\"https:\/\/schema.org\",\"@graph\":[{\"@type\":\"WebPage\",\"@id\":\"https:\/\/andsinc.wp.vortexdev.com\/fr\/services-de-recouvrement-et-de-litige\/programmes-innovant-de-communications-juridiques\/\",\"url\":\"https:\/\/andsinc.wp.vortexdev.com\/fr\/services-de-recouvrement-et-de-litige\/programmes-innovant-de-communications-juridiques\/\",\"name\":\"Communications Juridiques | Anderson Sinclair\",\"isPartOf\":{\"@id\":\"https:\/\/andsinc.wp.vortexdev.com\/fr\/#website\"},\"datePublished\":\"2017-11-08T16:57:33+00:00\",\"dateModified\":\"2021-07-08T17:08:06+00:00\",\"description\":\"Ce service peut \u00eatre personnalis\u00e9 pour g\u00e9n\u00e9rer diff\u00e9rents types de messages adapt\u00e9s \u00e0 l\u2019\u00e9tape pertinente du processus de recouvrement ou de r\u00e9clamation.\",\"breadcrumb\":{\"@id\":\"https:\/\/andsinc.wp.vortexdev.com\/fr\/services-de-recouvrement-et-de-litige\/programmes-innovant-de-communications-juridiques\/#breadcrumb\"},\"inLanguage\":\"fr-FR\",\"potentialAction\":[{\"@type\":\"ReadAction\",\"target\":[\"https:\/\/andsinc.wp.vortexdev.com\/fr\/services-de-recouvrement-et-de-litige\/programmes-innovant-de-communications-juridiques\/\"]}]},{\"@type\":\"BreadcrumbList\",\"@id\":\"https:\/\/andsinc.wp.vortexdev.com\/fr\/services-de-recouvrement-et-de-litige\/programmes-innovant-de-communications-juridiques\/#breadcrumb\",\"itemListElement\":[{\"@type\":\"ListItem\",\"position\":1,\"name\":\"Home\",\"item\":\"https:\/\/andsinc.wp.vortexdev.com\/fr\/\"},{\"@type\":\"ListItem\",\"position\":2,\"name\":\"Services de recouvrement et de litige\",\"item\":\"https:\/\/andsinc.wp.vortexdev.com\/fr\/recovery-litigation-services\/\"},{\"@type\":\"ListItem\",\"position\":3,\"name\":\"Programmes innovant de communications juridiques\"}]},{\"@type\":\"WebSite\",\"@id\":\"https:\/\/andsinc.wp.vortexdev.com\/fr\/#website\",\"url\":\"https:\/\/andsinc.wp.vortexdev.com\/fr\/\",\"name\":\"Anderson Sinclair Inc.\",\"description\":\"Avocats, barristers &amp; solicitors\",\"potentialAction\":[{\"@type\":\"SearchAction\",\"target\":{\"@type\":\"EntryPoint\",\"urlTemplate\":\"https:\/\/andsinc.wp.vortexdev.com\/fr\/?s={search_term_string}\"},\"query-input\":{\"@type\":\"PropertyValueSpecification\",\"valueRequired\":true,\"valueName\":\"search_term_string\"}}],\"inLanguage\":\"fr-FR\"}]}<\/script>\n<!-- \/ Yoast SEO plugin. -->","yoast_head_json":{"title":"Communications Juridiques | Anderson Sinclair","description":"Ce service peut \u00eatre personnalis\u00e9 pour g\u00e9n\u00e9rer diff\u00e9rents types de messages adapt\u00e9s \u00e0 l\u2019\u00e9tape pertinente du processus de recouvrement ou de r\u00e9clamation.","robots":{"index":"index","follow":"follow","max-snippet":"max-snippet:-1","max-image-preview":"max-image-preview:large","max-video-preview":"max-video-preview:-1"},"canonical":"https:\/\/andsinc.wp.vortexdev.com\/fr\/services-de-recouvrement-et-de-litige\/programmes-innovant-de-communications-juridiques\/","og_locale":"fr_FR","og_type":"article","og_title":"Communications Juridiques | Anderson Sinclair","og_description":"Ce service peut \u00eatre personnalis\u00e9 pour g\u00e9n\u00e9rer diff\u00e9rents types de messages adapt\u00e9s \u00e0 l\u2019\u00e9tape pertinente du processus de recouvrement ou de r\u00e9clamation.","og_url":"https:\/\/andsinc.wp.vortexdev.com\/fr\/services-de-recouvrement-et-de-litige\/programmes-innovant-de-communications-juridiques\/","og_site_name":"Anderson Sinclair Inc.","article_modified_time":"2021-07-08T17:08:06+00:00","twitter_card":"summary_large_image","twitter_misc":{"Dur\u00e9e de lecture estim\u00e9e":"1 minute"},"schema":{"@context":"https:\/\/schema.org","@graph":[{"@type":"WebPage","@id":"https:\/\/andsinc.wp.vortexdev.com\/fr\/services-de-recouvrement-et-de-litige\/programmes-innovant-de-communications-juridiques\/","url":"https:\/\/andsinc.wp.vortexdev.com\/fr\/services-de-recouvrement-et-de-litige\/programmes-innovant-de-communications-juridiques\/","name":"Communications Juridiques | Anderson Sinclair","isPartOf":{"@id":"https:\/\/andsinc.wp.vortexdev.com\/fr\/#website"},"datePublished":"2017-11-08T16:57:33+00:00","dateModified":"2021-07-08T17:08:06+00:00","description":"Ce service peut \u00eatre personnalis\u00e9 pour g\u00e9n\u00e9rer diff\u00e9rents types de messages adapt\u00e9s \u00e0 l\u2019\u00e9tape pertinente du processus de recouvrement ou de r\u00e9clamation.","breadcrumb":{"@id":"https:\/\/andsinc.wp.vortexdev.com\/fr\/services-de-recouvrement-et-de-litige\/programmes-innovant-de-communications-juridiques\/#breadcrumb"},"inLanguage":"fr-FR","potentialAction":[{"@type":"ReadAction","target":["https:\/\/andsinc.wp.vortexdev.com\/fr\/services-de-recouvrement-et-de-litige\/programmes-innovant-de-communications-juridiques\/"]}]},{"@type":"BreadcrumbList","@id":"https:\/\/andsinc.wp.vortexdev.com\/fr\/services-de-recouvrement-et-de-litige\/programmes-innovant-de-communications-juridiques\/#breadcrumb","itemListElement":[{"@type":"ListItem","position":1,"name":"Home","item":"https:\/\/andsinc.wp.vortexdev.com\/fr\/"},{"@type":"ListItem","position":2,"name":"Services de recouvrement et de litige","item":"https:\/\/andsinc.wp.vortexdev.com\/fr\/recovery-litigation-services\/"},{"@type":"ListItem","position":3,"name":"Programmes innovant de communications juridiques"}]},{"@type":"WebSite","@id":"https:\/\/andsinc.wp.vortexdev.com\/fr\/#website","url":"https:\/\/andsinc.wp.vortexdev.com\/fr\/","name":"Anderson Sinclair Inc.","description":"Avocats, barristers &amp; solicitors","potentialAction":[{"@type":"SearchAction","target":{"@type":"EntryPoint","urlTemplate":"https:\/\/andsinc.wp.vortexdev.com\/fr\/?s={search_term_string}"},"query-input":{"@type":"PropertyValueSpecification","valueRequired":true,"valueName":"search_term_string"}}],"inLanguage":"fr-FR"}]}},"_links":{"self":[{"href":"https:\/\/andsinc.wp.vortexdev.com\/fr\/wp-json\/wp\/v2\/pages\/690","targetHints":{"allow":["GET"]}}],"collection":[{"href":"https:\/\/andsinc.wp.vortexdev.com\/fr\/wp-json\/wp\/v2\/pages"}],"about":[{"href":"https:\/\/andsinc.wp.vortexdev.com\/fr\/wp-json\/wp\/v2\/types\/page"}],"author":[{"embeddable":true,"href":"https:\/\/andsinc.wp.vortexdev.com\/fr\/wp-json\/wp\/v2\/users\/3"}],"replies":[{"embeddable":true,"href":"https:\/\/andsinc.wp.vortexdev.com\/fr\/wp-json\/wp\/v2\/comments?post=690"}],"version-history":[{"count":6,"href":"https:\/\/andsinc.wp.vortexdev.com\/fr\/wp-json\/wp\/v2\/pages\/690\/revisions"}],"predecessor-version":[{"id":1064,"href":"https:\/\/andsinc.wp.vortexdev.com\/fr\/wp-json\/wp\/v2\/pages\/690\/revisions\/1064"}],"up":[{"embeddable":true,"href":"https:\/\/andsinc.wp.vortexdev.com\/fr\/wp-json\/wp\/v2\/pages\/687"}],"wp:attachment":[{"href":"https:\/\/andsinc.wp.vortexdev.com\/fr\/wp-json\/wp\/v2\/media?parent=690"}],"curies":[{"name":"wp","href":"https:\/\/api.w.org\/{rel}","templated":true}]}}