{"id":700,"date":"2017-11-08T12:15:44","date_gmt":"2017-11-08T17:15:44","guid":{"rendered":"http:\/\/www.andsinc.com\/?page_id=700"},"modified":"2021-07-08T13:09:41","modified_gmt":"2021-07-08T17:09:41","slug":"service-de-recouvrement-de-creances-non-garanties","status":"publish","type":"page","link":"https:\/\/andsinc.wp.vortexdev.com\/fr\/services-de-recouvrement-et-de-litige\/service-de-recouvrement-de-creances-non-garanties\/","title":{"rendered":"Service de recouvrement de cr\u00e9ances non-garanties"},"content":{"rendered":"[mk_page_section bg_color=\u00a0\u00bb#002169&Prime; sidebar=\u00a0\u00bbsct_work\u00a0\u00bb][vc_column][vc_column_text el_class=\u00a0\u00bbtexte-blanc\u00a0\u00bb css=\u00a0\u00bb.vc_custom_1625764150895{margin-bottom: 0px !important;}\u00a0\u00bb]Au fil des ans, Anderson a d\u00e9velopp\u00e9 une expertise de pointe dans la gestion syst\u00e9matis\u00e9e de l\u2019op\u00e9ration de recouvrement juridique de cr\u00e9ances non-garanties, et ce, sur l\u2019ensemble du territoire Canadien. Pour assurer la livraison de r\u00e9sultats sup\u00e9rieurs, nos processus amalgament les \u00e9l\u00e9ments suivants:<\/p>\n<p>&nbsp;<\/p>\n<ul>\n<li>des \u00e9quipes d\u00e9di\u00e9es d&rsquo;avocats, de parajuristes, d&rsquo;administrateurs juridiques, de sp\u00e9cialistes en recouvrement et en conformit\u00e9;<\/li>\n<li>des processus \u00e0 la fine pointe, adapt\u00e9s \u00e0 chacune des \u00e9tapes de l\u2019op\u00e9ration de recouvrement de nos clients;<\/li>\n<li>la bonne combinaison technologique afin de supporter la mise en \u0153uvre des strat\u00e9gies et processus d\u00e9velopp\u00e9s;<\/li>\n<\/ul>\n<p>&nbsp;<\/p>\n<p>Chacun de nos programmes est g\u00e9r\u00e9 et mis en oeuvre dans le cadre d\u2019un environnement qui respecte scrupuleusement les r\u00e8gles de conformit\u00e9 et de gouvernance, lesquelles font partie int\u00e9grante de nos ententes contractuelles avec nos clients.<\/p>\n<p>&nbsp;<\/p>\n<p>Nos services juridiques de recouvrement de cr\u00e9ances non-garanties visent sp\u00e9cifiquement les cat\u00e9gories d&rsquo;actifs suivants: cartes de cr\u00e9dit, contrats de financement automobile, pr\u00eats \u00e0 terme personnels et commerciaux, marges de cr\u00e9dit personnelles et commerciales et comptes clients commerciaux et professionnels.<\/p>\n<p>&nbsp;<\/p>\n<p>Ces services sont divis\u00e9s en deux d\u00e9partements au sein de notre organisation: les <em>Services juridiques pr\u00e9-r\u00e9clamation<\/em> et les <em>Services juridiques de r\u00e9clamation et d\u2019ex\u00e9cution de jugements.<\/em><\/p>\n<p>&nbsp;<\/p>\n<h2>Services juridiques pr\u00e9-r\u00e9clamation<\/h2>\n<p>&nbsp;<\/p>\n<p>Nous avons une \u00e9quipe multidisciplinaire de sp\u00e9cialistes d\u00e9di\u00e9s en mati\u00e8re de gestion de comptes-clients et de recouvrement. Dans le cadre de notre processus, le cas \u00e9ch\u00e9ant, \u00e0 la discr\u00e9tion de nos clients, ces derniers peuvent recevoir l\u2019assignation de comptes-clients comme premi\u00e8re \u00e9tape de nos op\u00e9rations de recouvrement, suivant l\u2019envoi des avis requis par la Loi en toute circonstance.<\/p>\n<p>&nbsp;<\/p>\n<p>Ces services juridiques pr\u00e9-r\u00e9clamation sont effectu\u00e9s sous la supervision de nos avocats et sont un moyen \u00e9prouv\u00e9 de recouvrer les mauvaises cr\u00e9ances. Combin\u00e9e \u00e0 la strat\u00e9gie juridique appropri\u00e9e et segment\u00e9e en fonction des donn\u00e9es pertinentes, cette strat\u00e9gie fournit d&rsquo;excellents r\u00e9sultats.<\/p>\n<p>&nbsp;<\/p>\n<h2>Services juridiques de r\u00e9clamation et d\u2019ex\u00e9cution de jugements<\/h2>\n<p>&nbsp;<\/p>\n<p>Lorsque le processus pr\u00e9-r\u00e9clamation n&rsquo;est pas concluant ou lorsque les donn\u00e9es pertinentes sugg\u00e8rent que des poursuites judiciaires doivent \u00eatre institu\u00e9es sans requ\u00e9rir les services pr\u00e9-r\u00e9clamation, nous disposons d&rsquo;une \u00e9quipe de juristes sp\u00e9cialis\u00e9s et de gestionnaires pr\u00eats \u00e0 prendre le relais afin d\u2019obtenir jugement au nom de nos clients. Fort de notre exp\u00e9rience et de notre expertise en la mati\u00e8re, nous avons d\u00e9velopp\u00e9 la technologie et \u00e9labor\u00e9 les proc\u00e9dures n\u00e9cessaires au traitement automatis\u00e9 de l\u2019ensemble du processus d\u2019introduction des demandes en justice, de gestion d\u2019instance et d\u2019obtention jugements personnels afin de maximiser les r\u00e9sultats et r\u00e9duire les co\u00fbts pour l\u2019utilisation de nos services.<\/p>\n<p>&nbsp;<\/p>\n<p>Nous offrons de nombreuses options de facturation innovantes.<\/p>\n<p>&nbsp;<\/p>\n<p>Pour toutes questions, <a href=\"http:\/\/www.andsinc.com\/fr\/nos-bureaux\/\" aria-label=\"cliquez-ici pour nous \u00e9crire\">cliquez-ici<\/a>[\/vc_column_text][\/vc_column][\/mk_page_section]\n","protected":false},"excerpt":{"rendered":"<p>[mk_page_section bg_color=\u00a0\u00bb#002169&Prime; sidebar=\u00a0\u00bbsct_work\u00a0\u00bb][vc_column][vc_column_text el_class=\u00a0\u00bbtexte-blanc\u00a0\u00bb css=\u00a0\u00bb.vc_custom_1625764150895{margin-bottom: 0px !important;}\u00a0\u00bb]Au fil des ans, Anderson a d\u00e9velopp\u00e9 une expertise de pointe dans la gestion syst\u00e9matis\u00e9e de l\u2019op\u00e9ration de recouvrement juridique de cr\u00e9ances non-garanties, et ce, sur l\u2019ensemble du territoire Canadien. Pour assurer la livraison de r\u00e9sultats sup\u00e9rieurs, nos processus amalgament les \u00e9l\u00e9ments suivants: &nbsp; des \u00e9quipes d\u00e9di\u00e9es d&rsquo;avocats, de [&hellip;]<\/p>\n","protected":false},"author":3,"featured_media":0,"parent":687,"menu_order":0,"comment_status":"closed","ping_status":"closed","template":"","meta":{"footnotes":""},"class_list":["post-700","page","type-page","status-publish","hentry"],"yoast_head":"<!-- This site is optimized with the Yoast SEO plugin v27.0 - https:\/\/yoast.com\/product\/yoast-seo-wordpress\/ -->\n<title>Recouvrement de Cr\u00e9ance Non-Garanties | Anderson Sinclair<\/title>\n<meta name=\"description\" content=\"Expertise de pointe dans la gestion syst\u00e9matis\u00e9e de l\u2019op\u00e9ration de recouvrement juridique de cr\u00e9ances non-garanties, et ce, sur l\u2019ensemble du territoire Canadien\" \/>\n<meta name=\"robots\" content=\"index, follow, max-snippet:-1, max-image-preview:large, max-video-preview:-1\" \/>\n<link rel=\"canonical\" href=\"https:\/\/andsinc.wp.vortexdev.com\/fr\/services-de-recouvrement-et-de-litige\/service-de-recouvrement-de-creances-non-garanties\/\" \/>\n<meta property=\"og:locale\" content=\"fr_FR\" \/>\n<meta property=\"og:type\" content=\"article\" \/>\n<meta property=\"og:title\" content=\"Recouvrement de Cr\u00e9ance Non-Garanties | Anderson Sinclair\" \/>\n<meta property=\"og:description\" content=\"Expertise de pointe dans la gestion syst\u00e9matis\u00e9e de l\u2019op\u00e9ration de recouvrement juridique de cr\u00e9ances non-garanties, et ce, sur l\u2019ensemble du territoire Canadien\" \/>\n<meta property=\"og:url\" content=\"https:\/\/andsinc.wp.vortexdev.com\/fr\/services-de-recouvrement-et-de-litige\/service-de-recouvrement-de-creances-non-garanties\/\" \/>\n<meta property=\"og:site_name\" content=\"Anderson Sinclair Inc.\" \/>\n<meta property=\"article:modified_time\" content=\"2021-07-08T17:09:41+00:00\" \/>\n<meta name=\"twitter:card\" content=\"summary_large_image\" \/>\n<meta name=\"twitter:label1\" content=\"Dur\u00e9e de lecture estim\u00e9e\" \/>\n\t<meta name=\"twitter:data1\" content=\"3 minutes\" \/>\n<script type=\"application\/ld+json\" class=\"yoast-schema-graph\">{\"@context\":\"https:\/\/schema.org\",\"@graph\":[{\"@type\":\"WebPage\",\"@id\":\"https:\/\/andsinc.wp.vortexdev.com\/fr\/services-de-recouvrement-et-de-litige\/service-de-recouvrement-de-creances-non-garanties\/\",\"url\":\"https:\/\/andsinc.wp.vortexdev.com\/fr\/services-de-recouvrement-et-de-litige\/service-de-recouvrement-de-creances-non-garanties\/\",\"name\":\"Recouvrement de Cr\u00e9ance Non-Garanties | Anderson Sinclair\",\"isPartOf\":{\"@id\":\"https:\/\/andsinc.wp.vortexdev.com\/fr\/#website\"},\"datePublished\":\"2017-11-08T17:15:44+00:00\",\"dateModified\":\"2021-07-08T17:09:41+00:00\",\"description\":\"Expertise de pointe dans la gestion syst\u00e9matis\u00e9e de l\u2019op\u00e9ration de recouvrement juridique de cr\u00e9ances non-garanties, et ce, sur l\u2019ensemble du territoire Canadien\",\"breadcrumb\":{\"@id\":\"https:\/\/andsinc.wp.vortexdev.com\/fr\/services-de-recouvrement-et-de-litige\/service-de-recouvrement-de-creances-non-garanties\/#breadcrumb\"},\"inLanguage\":\"fr-FR\",\"potentialAction\":[{\"@type\":\"ReadAction\",\"target\":[\"https:\/\/andsinc.wp.vortexdev.com\/fr\/services-de-recouvrement-et-de-litige\/service-de-recouvrement-de-creances-non-garanties\/\"]}]},{\"@type\":\"BreadcrumbList\",\"@id\":\"https:\/\/andsinc.wp.vortexdev.com\/fr\/services-de-recouvrement-et-de-litige\/service-de-recouvrement-de-creances-non-garanties\/#breadcrumb\",\"itemListElement\":[{\"@type\":\"ListItem\",\"position\":1,\"name\":\"Home\",\"item\":\"https:\/\/andsinc.wp.vortexdev.com\/fr\/\"},{\"@type\":\"ListItem\",\"position\":2,\"name\":\"Services de recouvrement et de litige\",\"item\":\"https:\/\/andsinc.wp.vortexdev.com\/fr\/recovery-litigation-services\/\"},{\"@type\":\"ListItem\",\"position\":3,\"name\":\"Service de recouvrement de cr\u00e9ances non-garanties\"}]},{\"@type\":\"WebSite\",\"@id\":\"https:\/\/andsinc.wp.vortexdev.com\/fr\/#website\",\"url\":\"https:\/\/andsinc.wp.vortexdev.com\/fr\/\",\"name\":\"Anderson Sinclair Inc.\",\"description\":\"Avocats, barristers &amp; solicitors\",\"potentialAction\":[{\"@type\":\"SearchAction\",\"target\":{\"@type\":\"EntryPoint\",\"urlTemplate\":\"https:\/\/andsinc.wp.vortexdev.com\/fr\/?s={search_term_string}\"},\"query-input\":{\"@type\":\"PropertyValueSpecification\",\"valueRequired\":true,\"valueName\":\"search_term_string\"}}],\"inLanguage\":\"fr-FR\"}]}<\/script>\n<!-- \/ Yoast SEO plugin. -->","yoast_head_json":{"title":"Recouvrement de Cr\u00e9ance Non-Garanties | Anderson Sinclair","description":"Expertise de pointe dans la gestion syst\u00e9matis\u00e9e de l\u2019op\u00e9ration de recouvrement juridique de cr\u00e9ances non-garanties, et ce, sur l\u2019ensemble du territoire Canadien","robots":{"index":"index","follow":"follow","max-snippet":"max-snippet:-1","max-image-preview":"max-image-preview:large","max-video-preview":"max-video-preview:-1"},"canonical":"https:\/\/andsinc.wp.vortexdev.com\/fr\/services-de-recouvrement-et-de-litige\/service-de-recouvrement-de-creances-non-garanties\/","og_locale":"fr_FR","og_type":"article","og_title":"Recouvrement de Cr\u00e9ance Non-Garanties | Anderson Sinclair","og_description":"Expertise de pointe dans la gestion syst\u00e9matis\u00e9e de l\u2019op\u00e9ration de recouvrement juridique de cr\u00e9ances non-garanties, et ce, sur l\u2019ensemble du territoire Canadien","og_url":"https:\/\/andsinc.wp.vortexdev.com\/fr\/services-de-recouvrement-et-de-litige\/service-de-recouvrement-de-creances-non-garanties\/","og_site_name":"Anderson Sinclair Inc.","article_modified_time":"2021-07-08T17:09:41+00:00","twitter_card":"summary_large_image","twitter_misc":{"Dur\u00e9e de lecture estim\u00e9e":"3 minutes"},"schema":{"@context":"https:\/\/schema.org","@graph":[{"@type":"WebPage","@id":"https:\/\/andsinc.wp.vortexdev.com\/fr\/services-de-recouvrement-et-de-litige\/service-de-recouvrement-de-creances-non-garanties\/","url":"https:\/\/andsinc.wp.vortexdev.com\/fr\/services-de-recouvrement-et-de-litige\/service-de-recouvrement-de-creances-non-garanties\/","name":"Recouvrement de Cr\u00e9ance Non-Garanties | Anderson Sinclair","isPartOf":{"@id":"https:\/\/andsinc.wp.vortexdev.com\/fr\/#website"},"datePublished":"2017-11-08T17:15:44+00:00","dateModified":"2021-07-08T17:09:41+00:00","description":"Expertise de pointe dans la gestion syst\u00e9matis\u00e9e de l\u2019op\u00e9ration de recouvrement juridique de cr\u00e9ances non-garanties, et ce, sur l\u2019ensemble du territoire Canadien","breadcrumb":{"@id":"https:\/\/andsinc.wp.vortexdev.com\/fr\/services-de-recouvrement-et-de-litige\/service-de-recouvrement-de-creances-non-garanties\/#breadcrumb"},"inLanguage":"fr-FR","potentialAction":[{"@type":"ReadAction","target":["https:\/\/andsinc.wp.vortexdev.com\/fr\/services-de-recouvrement-et-de-litige\/service-de-recouvrement-de-creances-non-garanties\/"]}]},{"@type":"BreadcrumbList","@id":"https:\/\/andsinc.wp.vortexdev.com\/fr\/services-de-recouvrement-et-de-litige\/service-de-recouvrement-de-creances-non-garanties\/#breadcrumb","itemListElement":[{"@type":"ListItem","position":1,"name":"Home","item":"https:\/\/andsinc.wp.vortexdev.com\/fr\/"},{"@type":"ListItem","position":2,"name":"Services de recouvrement et de litige","item":"https:\/\/andsinc.wp.vortexdev.com\/fr\/recovery-litigation-services\/"},{"@type":"ListItem","position":3,"name":"Service de recouvrement de cr\u00e9ances non-garanties"}]},{"@type":"WebSite","@id":"https:\/\/andsinc.wp.vortexdev.com\/fr\/#website","url":"https:\/\/andsinc.wp.vortexdev.com\/fr\/","name":"Anderson Sinclair Inc.","description":"Avocats, barristers &amp; solicitors","potentialAction":[{"@type":"SearchAction","target":{"@type":"EntryPoint","urlTemplate":"https:\/\/andsinc.wp.vortexdev.com\/fr\/?s={search_term_string}"},"query-input":{"@type":"PropertyValueSpecification","valueRequired":true,"valueName":"search_term_string"}}],"inLanguage":"fr-FR"}]}},"_links":{"self":[{"href":"https:\/\/andsinc.wp.vortexdev.com\/fr\/wp-json\/wp\/v2\/pages\/700","targetHints":{"allow":["GET"]}}],"collection":[{"href":"https:\/\/andsinc.wp.vortexdev.com\/fr\/wp-json\/wp\/v2\/pages"}],"about":[{"href":"https:\/\/andsinc.wp.vortexdev.com\/fr\/wp-json\/wp\/v2\/types\/page"}],"author":[{"embeddable":true,"href":"https:\/\/andsinc.wp.vortexdev.com\/fr\/wp-json\/wp\/v2\/users\/3"}],"replies":[{"embeddable":true,"href":"https:\/\/andsinc.wp.vortexdev.com\/fr\/wp-json\/wp\/v2\/comments?post=700"}],"version-history":[{"count":6,"href":"https:\/\/andsinc.wp.vortexdev.com\/fr\/wp-json\/wp\/v2\/pages\/700\/revisions"}],"predecessor-version":[{"id":1066,"href":"https:\/\/andsinc.wp.vortexdev.com\/fr\/wp-json\/wp\/v2\/pages\/700\/revisions\/1066"}],"up":[{"embeddable":true,"href":"https:\/\/andsinc.wp.vortexdev.com\/fr\/wp-json\/wp\/v2\/pages\/687"}],"wp:attachment":[{"href":"https:\/\/andsinc.wp.vortexdev.com\/fr\/wp-json\/wp\/v2\/media?parent=700"}],"curies":[{"name":"wp","href":"https:\/\/api.w.org\/{rel}","templated":true}]}}