{"id":704,"date":"2017-11-08T12:21:00","date_gmt":"2017-11-08T17:21:00","guid":{"rendered":"http:\/\/www.andsinc.com\/?page_id=704"},"modified":"2021-07-08T13:10:45","modified_gmt":"2021-07-08T17:10:45","slug":"recouvrement-de-creances-garantie-par-hypotheque-ou-autres-suretes","status":"publish","type":"page","link":"https:\/\/andsinc.wp.vortexdev.com\/fr\/services-de-recouvrement-et-de-litige\/recouvrement-de-creances-garantie-par-hypotheque-ou-autres-suretes\/","title":{"rendered":"Recouvrement de cr\u00e9ances garanties par hypoth\u00e8que ou autres s\u00fbret\u00e9s"},"content":{"rendered":"[mk_page_section bg_color=\u00a0\u00bb#002169&Prime; sidebar=\u00a0\u00bbsct_work\u00a0\u00bb][vc_column][vc_column_text el_class=\u00a0\u00bbtexte-blanc\u00a0\u00bb css=\u00a0\u00bb.vc_custom_1625764242615{margin-bottom: 0px !important;}\u00a0\u00bb]Le recouvrement hypoth\u00e9caire est une op\u00e9ration strat\u00e9gique pour les institutions financi\u00e8res canadiennes. Seules des ressources expertes peuvent g\u00e9rer des volumes \u00e9lev\u00e9s de ce type de cr\u00e9ances et naviguer dans la gestion du processus juridique et administratif requis pour r\u00e9pondre aux besoins de la client\u00e8le en cette mati\u00e8re. Nos services comprennent, outre la gestion du processus juridique, la gestion de l\u2019obtention et du traitement des \u00e9valuations immobili\u00e8res, la gestion des gestionnaires de propri\u00e9t\u00e9s, et du processus de r\u00e9clamation aupr\u00e8s des assureurs hypoth\u00e9caires.<\/p>\n<p>&nbsp;<\/p>\n<p>Nos sp\u00e9cialistes poss\u00e8dent une vaste exp\u00e9rience et assistent quotidiennement les pr\u00eateurs hypoth\u00e9caires, les banques \u00e0 charte, les pr\u00eateurs priv\u00e9s et les entreprises de construction dans leurs op\u00e9rations de recouvrement.<\/p>\n<p>&nbsp;<\/p>\n<p>Les services de recouvrement de cr\u00e9ances hypoth\u00e9caires visent sp\u00e9cifiquement les cat\u00e9gories d&rsquo;actifs suivants: pr\u00eats \u00e0 terme garantis par hypoth\u00e8que, marges de cr\u00e9dit garanties par hypoth\u00e8que, hypoth\u00e8ques l\u00e9gales de la construction, hypoth\u00e8ques l\u00e9gales de copropri\u00e9t\u00e9, instruments de financement commercial, etc.<\/p>\n<p>&nbsp;<\/p>\n<p>Chacun de nos programmes est g\u00e9r\u00e9 et mis en oeuvre dans le cadre d\u2019un environnement qui respecte scrupuleusement les r\u00e8gles de conformit\u00e9 et de gouvernance, lesquelles font partie int\u00e9grante de nos ententes contractuelles avec nos clients.<\/p>\n<p>&nbsp;<\/p>\n<p>Pour toutes questions, <a href=\"http:\/\/www.andsinc.com\/fr\/nos-bureaux\/\" aria-label=\"cliquez-ici pour nous \u00e9crire\">cliquez-ici<\/a>[\/vc_column_text][\/vc_column][\/mk_page_section]\n","protected":false},"excerpt":{"rendered":"<p>[mk_page_section bg_color=\u00a0\u00bb#002169&Prime; sidebar=\u00a0\u00bbsct_work\u00a0\u00bb][vc_column][vc_column_text el_class=\u00a0\u00bbtexte-blanc\u00a0\u00bb css=\u00a0\u00bb.vc_custom_1625764242615{margin-bottom: 0px !important;}\u00a0\u00bb]Le recouvrement hypoth\u00e9caire est une op\u00e9ration strat\u00e9gique pour les institutions financi\u00e8res canadiennes. Seules des ressources expertes peuvent g\u00e9rer des volumes \u00e9lev\u00e9s de ce type de cr\u00e9ances et naviguer dans la gestion du processus juridique et administratif requis pour r\u00e9pondre aux besoins de la client\u00e8le en cette mati\u00e8re. Nos services [&hellip;]<\/p>\n","protected":false},"author":3,"featured_media":0,"parent":687,"menu_order":0,"comment_status":"closed","ping_status":"closed","template":"","meta":{"footnotes":""},"class_list":["post-704","page","type-page","status-publish","hentry"],"yoast_head":"<!-- This site is optimized with the Yoast SEO plugin v27.0 - https:\/\/yoast.com\/product\/yoast-seo-wordpress\/ -->\n<title>Recouvrement Hypoth\u00e9caire | Anderson Sinclair<\/title>\n<meta name=\"description\" content=\"Le recouvrement hypoth\u00e9caire est une op\u00e9ration strat\u00e9gique. Seules des expertes peuvent g\u00e9rer des volumes \u00e9lev\u00e9s de ce type de cr\u00e9ances.\" \/>\n<meta name=\"robots\" content=\"index, follow, max-snippet:-1, max-image-preview:large, max-video-preview:-1\" \/>\n<link rel=\"canonical\" href=\"https:\/\/andsinc.wp.vortexdev.com\/fr\/services-de-recouvrement-et-de-litige\/recouvrement-de-creances-garantie-par-hypotheque-ou-autres-suretes\/\" \/>\n<meta property=\"og:locale\" content=\"fr_FR\" \/>\n<meta property=\"og:type\" content=\"article\" \/>\n<meta property=\"og:title\" content=\"Recouvrement Hypoth\u00e9caire | Anderson Sinclair\" \/>\n<meta property=\"og:description\" content=\"Le recouvrement hypoth\u00e9caire est une op\u00e9ration strat\u00e9gique. Seules des expertes peuvent g\u00e9rer des volumes \u00e9lev\u00e9s de ce type de cr\u00e9ances.\" \/>\n<meta property=\"og:url\" content=\"https:\/\/andsinc.wp.vortexdev.com\/fr\/services-de-recouvrement-et-de-litige\/recouvrement-de-creances-garantie-par-hypotheque-ou-autres-suretes\/\" \/>\n<meta property=\"og:site_name\" content=\"Anderson Sinclair Inc.\" \/>\n<meta property=\"article:modified_time\" content=\"2021-07-08T17:10:45+00:00\" \/>\n<meta name=\"twitter:card\" content=\"summary_large_image\" \/>\n<meta name=\"twitter:label1\" content=\"Dur\u00e9e de lecture estim\u00e9e\" \/>\n\t<meta name=\"twitter:data1\" content=\"1 minute\" \/>\n<script type=\"application\/ld+json\" class=\"yoast-schema-graph\">{\"@context\":\"https:\/\/schema.org\",\"@graph\":[{\"@type\":\"WebPage\",\"@id\":\"https:\/\/andsinc.wp.vortexdev.com\/fr\/services-de-recouvrement-et-de-litige\/recouvrement-de-creances-garantie-par-hypotheque-ou-autres-suretes\/\",\"url\":\"https:\/\/andsinc.wp.vortexdev.com\/fr\/services-de-recouvrement-et-de-litige\/recouvrement-de-creances-garantie-par-hypotheque-ou-autres-suretes\/\",\"name\":\"Recouvrement Hypoth\u00e9caire | Anderson Sinclair\",\"isPartOf\":{\"@id\":\"https:\/\/andsinc.wp.vortexdev.com\/fr\/#website\"},\"datePublished\":\"2017-11-08T17:21:00+00:00\",\"dateModified\":\"2021-07-08T17:10:45+00:00\",\"description\":\"Le recouvrement hypoth\u00e9caire est une op\u00e9ration strat\u00e9gique. Seules des expertes peuvent g\u00e9rer des volumes \u00e9lev\u00e9s de ce type de cr\u00e9ances.\",\"breadcrumb\":{\"@id\":\"https:\/\/andsinc.wp.vortexdev.com\/fr\/services-de-recouvrement-et-de-litige\/recouvrement-de-creances-garantie-par-hypotheque-ou-autres-suretes\/#breadcrumb\"},\"inLanguage\":\"fr-FR\",\"potentialAction\":[{\"@type\":\"ReadAction\",\"target\":[\"https:\/\/andsinc.wp.vortexdev.com\/fr\/services-de-recouvrement-et-de-litige\/recouvrement-de-creances-garantie-par-hypotheque-ou-autres-suretes\/\"]}]},{\"@type\":\"BreadcrumbList\",\"@id\":\"https:\/\/andsinc.wp.vortexdev.com\/fr\/services-de-recouvrement-et-de-litige\/recouvrement-de-creances-garantie-par-hypotheque-ou-autres-suretes\/#breadcrumb\",\"itemListElement\":[{\"@type\":\"ListItem\",\"position\":1,\"name\":\"Home\",\"item\":\"https:\/\/andsinc.wp.vortexdev.com\/fr\/\"},{\"@type\":\"ListItem\",\"position\":2,\"name\":\"Services de recouvrement et de litige\",\"item\":\"https:\/\/andsinc.wp.vortexdev.com\/fr\/recovery-litigation-services\/\"},{\"@type\":\"ListItem\",\"position\":3,\"name\":\"Recouvrement de cr\u00e9ances garanties par hypoth\u00e8que ou autres s\u00fbret\u00e9s\"}]},{\"@type\":\"WebSite\",\"@id\":\"https:\/\/andsinc.wp.vortexdev.com\/fr\/#website\",\"url\":\"https:\/\/andsinc.wp.vortexdev.com\/fr\/\",\"name\":\"Anderson Sinclair Inc.\",\"description\":\"Avocats, barristers &amp; solicitors\",\"potentialAction\":[{\"@type\":\"SearchAction\",\"target\":{\"@type\":\"EntryPoint\",\"urlTemplate\":\"https:\/\/andsinc.wp.vortexdev.com\/fr\/?s={search_term_string}\"},\"query-input\":{\"@type\":\"PropertyValueSpecification\",\"valueRequired\":true,\"valueName\":\"search_term_string\"}}],\"inLanguage\":\"fr-FR\"}]}<\/script>\n<!-- \/ Yoast SEO plugin. -->","yoast_head_json":{"title":"Recouvrement Hypoth\u00e9caire | Anderson Sinclair","description":"Le recouvrement hypoth\u00e9caire est une op\u00e9ration strat\u00e9gique. Seules des expertes peuvent g\u00e9rer des volumes \u00e9lev\u00e9s de ce type de cr\u00e9ances.","robots":{"index":"index","follow":"follow","max-snippet":"max-snippet:-1","max-image-preview":"max-image-preview:large","max-video-preview":"max-video-preview:-1"},"canonical":"https:\/\/andsinc.wp.vortexdev.com\/fr\/services-de-recouvrement-et-de-litige\/recouvrement-de-creances-garantie-par-hypotheque-ou-autres-suretes\/","og_locale":"fr_FR","og_type":"article","og_title":"Recouvrement Hypoth\u00e9caire | Anderson Sinclair","og_description":"Le recouvrement hypoth\u00e9caire est une op\u00e9ration strat\u00e9gique. Seules des expertes peuvent g\u00e9rer des volumes \u00e9lev\u00e9s de ce type de cr\u00e9ances.","og_url":"https:\/\/andsinc.wp.vortexdev.com\/fr\/services-de-recouvrement-et-de-litige\/recouvrement-de-creances-garantie-par-hypotheque-ou-autres-suretes\/","og_site_name":"Anderson Sinclair Inc.","article_modified_time":"2021-07-08T17:10:45+00:00","twitter_card":"summary_large_image","twitter_misc":{"Dur\u00e9e de lecture estim\u00e9e":"1 minute"},"schema":{"@context":"https:\/\/schema.org","@graph":[{"@type":"WebPage","@id":"https:\/\/andsinc.wp.vortexdev.com\/fr\/services-de-recouvrement-et-de-litige\/recouvrement-de-creances-garantie-par-hypotheque-ou-autres-suretes\/","url":"https:\/\/andsinc.wp.vortexdev.com\/fr\/services-de-recouvrement-et-de-litige\/recouvrement-de-creances-garantie-par-hypotheque-ou-autres-suretes\/","name":"Recouvrement Hypoth\u00e9caire | Anderson Sinclair","isPartOf":{"@id":"https:\/\/andsinc.wp.vortexdev.com\/fr\/#website"},"datePublished":"2017-11-08T17:21:00+00:00","dateModified":"2021-07-08T17:10:45+00:00","description":"Le recouvrement hypoth\u00e9caire est une op\u00e9ration strat\u00e9gique. Seules des expertes peuvent g\u00e9rer des volumes \u00e9lev\u00e9s de ce type de cr\u00e9ances.","breadcrumb":{"@id":"https:\/\/andsinc.wp.vortexdev.com\/fr\/services-de-recouvrement-et-de-litige\/recouvrement-de-creances-garantie-par-hypotheque-ou-autres-suretes\/#breadcrumb"},"inLanguage":"fr-FR","potentialAction":[{"@type":"ReadAction","target":["https:\/\/andsinc.wp.vortexdev.com\/fr\/services-de-recouvrement-et-de-litige\/recouvrement-de-creances-garantie-par-hypotheque-ou-autres-suretes\/"]}]},{"@type":"BreadcrumbList","@id":"https:\/\/andsinc.wp.vortexdev.com\/fr\/services-de-recouvrement-et-de-litige\/recouvrement-de-creances-garantie-par-hypotheque-ou-autres-suretes\/#breadcrumb","itemListElement":[{"@type":"ListItem","position":1,"name":"Home","item":"https:\/\/andsinc.wp.vortexdev.com\/fr\/"},{"@type":"ListItem","position":2,"name":"Services de recouvrement et de litige","item":"https:\/\/andsinc.wp.vortexdev.com\/fr\/recovery-litigation-services\/"},{"@type":"ListItem","position":3,"name":"Recouvrement de cr\u00e9ances garanties par hypoth\u00e8que ou autres s\u00fbret\u00e9s"}]},{"@type":"WebSite","@id":"https:\/\/andsinc.wp.vortexdev.com\/fr\/#website","url":"https:\/\/andsinc.wp.vortexdev.com\/fr\/","name":"Anderson Sinclair Inc.","description":"Avocats, barristers &amp; solicitors","potentialAction":[{"@type":"SearchAction","target":{"@type":"EntryPoint","urlTemplate":"https:\/\/andsinc.wp.vortexdev.com\/fr\/?s={search_term_string}"},"query-input":{"@type":"PropertyValueSpecification","valueRequired":true,"valueName":"search_term_string"}}],"inLanguage":"fr-FR"}]}},"_links":{"self":[{"href":"https:\/\/andsinc.wp.vortexdev.com\/fr\/wp-json\/wp\/v2\/pages\/704","targetHints":{"allow":["GET"]}}],"collection":[{"href":"https:\/\/andsinc.wp.vortexdev.com\/fr\/wp-json\/wp\/v2\/pages"}],"about":[{"href":"https:\/\/andsinc.wp.vortexdev.com\/fr\/wp-json\/wp\/v2\/types\/page"}],"author":[{"embeddable":true,"href":"https:\/\/andsinc.wp.vortexdev.com\/fr\/wp-json\/wp\/v2\/users\/3"}],"replies":[{"embeddable":true,"href":"https:\/\/andsinc.wp.vortexdev.com\/fr\/wp-json\/wp\/v2\/comments?post=704"}],"version-history":[{"count":6,"href":"https:\/\/andsinc.wp.vortexdev.com\/fr\/wp-json\/wp\/v2\/pages\/704\/revisions"}],"predecessor-version":[{"id":1068,"href":"https:\/\/andsinc.wp.vortexdev.com\/fr\/wp-json\/wp\/v2\/pages\/704\/revisions\/1068"}],"up":[{"embeddable":true,"href":"https:\/\/andsinc.wp.vortexdev.com\/fr\/wp-json\/wp\/v2\/pages\/687"}],"wp:attachment":[{"href":"https:\/\/andsinc.wp.vortexdev.com\/fr\/wp-json\/wp\/v2\/media?parent=704"}],"curies":[{"name":"wp","href":"https:\/\/api.w.org\/{rel}","templated":true}]}}