{"id":706,"date":"2017-11-08T12:22:43","date_gmt":"2017-11-08T17:22:43","guid":{"rendered":"http:\/\/www.andsinc.com\/?page_id=706"},"modified":"2021-07-08T13:11:42","modified_gmt":"2021-07-08T17:11:42","slug":"services-de-saisies-avant-jugement","status":"publish","type":"page","link":"https:\/\/andsinc.wp.vortexdev.com\/fr\/services-de-recouvrement-et-de-litige\/services-de-saisies-avant-jugement\/","title":{"rendered":"Service de saisies avant-jugement"},"content":{"rendered":"[mk_page_section bg_color=\u00a0\u00bb#002169&Prime; sidebar=\u00a0\u00bbsct_work\u00a0\u00bb][vc_column][vc_column_text el_class=\u00a0\u00bbtexte-blanc\u00a0\u00bb css=\u00a0\u00bb.vc_custom_1625764299534{margin-bottom: 0px !important;}\u00a0\u00bb]Que vous exploitiez une soci\u00e9t\u00e9 de financement automobile ou que vous consentiez du financement commercial garanti par s\u00fbret\u00e9s dans le cadre de vos activit\u00e9s, nos \u00e9quipes de sp\u00e9cialistes d\u00e9vou\u00e9es agiront avec diligence et efficacit\u00e9 afin de maximiser vos rendements et r\u00e9duire vos risques au moment de faire respecter vos ententes en cas de d\u00e9faut par vos d\u00e9biteurs et clients.<\/p>\n<p>&nbsp;<\/p>\n<p>Nous avons d\u00e9velopp\u00e9 des programmes uniques de recouvrement d\u00e9di\u00e9s \u00e0 l&rsquo;industrie automobile. Nos programmes ont \u00e9t\u00e9 con\u00e7us afin d\u2019optimiser les processus internes de recouvrement de nos clients et les combiner avec des fonctionnalit\u00e9s juridiques externes pour garantir des r\u00e9sultats sup\u00e9rieurs. Les r\u00e9sultats de nos programmes sont mesurables: de meilleurs taux de recouvrement internes, un volume de poursuites plus \u00e9lev\u00e9s et des frais juridiques inf\u00e9rieurs par r\u00e9clamation.<\/p>\n<p>&nbsp;<\/p>\n<p>Nos programmes comprennent des services de recouvrement, de saisies d&rsquo;actifs, le suivi des \u00e9quipes internes de recouvrement de nos clients, la conception des processus, la gestion du traitement juridique de l\u2019obtention et d\u2019ex\u00e9cution de jugements, la gestion des faillites, la gestion des r\u00e9clamations de tiers et la gestion des r\u00e9clamations devant la cour des petites cr\u00e9ances. Qui plus est, nos services comprennent le <em>reporting<\/em> n\u00e9cessaire pour nos clients.<\/p>\n<p>&nbsp;<\/p>\n<p>Nos services sont offerts dans un environnement de facturation innovant, offrant une vaste gamme d\u2019options et de forfaits.<\/p>\n<p>&nbsp;<\/p>\n<p>Pour toutes questions, <a href=\"http:\/\/www.andsinc.com\/fr\/nos-bureaux\/\" aria-label=\"cliquez-ici pour nous \u00e9crire\">cliquez-ici<\/a>[\/vc_column_text][\/vc_column][\/mk_page_section]\n","protected":false},"excerpt":{"rendered":"<p>[mk_page_section bg_color=\u00a0\u00bb#002169&Prime; sidebar=\u00a0\u00bbsct_work\u00a0\u00bb][vc_column][vc_column_text el_class=\u00a0\u00bbtexte-blanc\u00a0\u00bb css=\u00a0\u00bb.vc_custom_1625764299534{margin-bottom: 0px !important;}\u00a0\u00bb]Que vous exploitiez une soci\u00e9t\u00e9 de financement automobile ou que vous consentiez du financement commercial garanti par s\u00fbret\u00e9s dans le cadre de vos activit\u00e9s, nos \u00e9quipes de sp\u00e9cialistes d\u00e9vou\u00e9es agiront avec diligence et efficacit\u00e9 afin de maximiser vos rendements et r\u00e9duire vos risques au moment de faire respecter vos [&hellip;]<\/p>\n","protected":false},"author":3,"featured_media":0,"parent":687,"menu_order":0,"comment_status":"closed","ping_status":"closed","template":"","meta":{"footnotes":""},"class_list":["post-706","page","type-page","status-publish","hentry"],"yoast_head":"<!-- This site is optimized with the Yoast SEO plugin v27.0 - https:\/\/yoast.com\/product\/yoast-seo-wordpress\/ -->\n<title>Services de Saisies Avant-Jugement | Anderson Sinclair<\/title>\n<meta name=\"description\" content=\"Maximisez vos rendements et r\u00e9duisez vos risques au moment de faire respecter vos ententes en cas de d\u00e9faut par vos d\u00e9biteurs et clients.\" \/>\n<meta name=\"robots\" content=\"index, follow, max-snippet:-1, max-image-preview:large, max-video-preview:-1\" \/>\n<link rel=\"canonical\" href=\"https:\/\/andsinc.wp.vortexdev.com\/fr\/services-de-recouvrement-et-de-litige\/services-de-saisies-avant-jugement\/\" \/>\n<meta property=\"og:locale\" content=\"fr_FR\" \/>\n<meta property=\"og:type\" content=\"article\" \/>\n<meta property=\"og:title\" content=\"Services de Saisies Avant-Jugement | Anderson Sinclair\" \/>\n<meta property=\"og:description\" content=\"Maximisez vos rendements et r\u00e9duisez vos risques au moment de faire respecter vos ententes en cas de d\u00e9faut par vos d\u00e9biteurs et clients.\" \/>\n<meta property=\"og:url\" content=\"https:\/\/andsinc.wp.vortexdev.com\/fr\/services-de-recouvrement-et-de-litige\/services-de-saisies-avant-jugement\/\" \/>\n<meta property=\"og:site_name\" content=\"Anderson Sinclair Inc.\" \/>\n<meta property=\"article:modified_time\" content=\"2021-07-08T17:11:42+00:00\" \/>\n<meta name=\"twitter:card\" content=\"summary_large_image\" \/>\n<meta name=\"twitter:label1\" content=\"Dur\u00e9e de lecture estim\u00e9e\" \/>\n\t<meta name=\"twitter:data1\" content=\"1 minute\" \/>\n<script type=\"application\/ld+json\" class=\"yoast-schema-graph\">{\"@context\":\"https:\/\/schema.org\",\"@graph\":[{\"@type\":\"WebPage\",\"@id\":\"https:\/\/andsinc.wp.vortexdev.com\/fr\/services-de-recouvrement-et-de-litige\/services-de-saisies-avant-jugement\/\",\"url\":\"https:\/\/andsinc.wp.vortexdev.com\/fr\/services-de-recouvrement-et-de-litige\/services-de-saisies-avant-jugement\/\",\"name\":\"Services de Saisies Avant-Jugement | Anderson Sinclair\",\"isPartOf\":{\"@id\":\"https:\/\/andsinc.wp.vortexdev.com\/fr\/#website\"},\"datePublished\":\"2017-11-08T17:22:43+00:00\",\"dateModified\":\"2021-07-08T17:11:42+00:00\",\"description\":\"Maximisez vos rendements et r\u00e9duisez vos risques au moment de faire respecter vos ententes en cas de d\u00e9faut par vos d\u00e9biteurs et clients.\",\"breadcrumb\":{\"@id\":\"https:\/\/andsinc.wp.vortexdev.com\/fr\/services-de-recouvrement-et-de-litige\/services-de-saisies-avant-jugement\/#breadcrumb\"},\"inLanguage\":\"fr-FR\",\"potentialAction\":[{\"@type\":\"ReadAction\",\"target\":[\"https:\/\/andsinc.wp.vortexdev.com\/fr\/services-de-recouvrement-et-de-litige\/services-de-saisies-avant-jugement\/\"]}]},{\"@type\":\"BreadcrumbList\",\"@id\":\"https:\/\/andsinc.wp.vortexdev.com\/fr\/services-de-recouvrement-et-de-litige\/services-de-saisies-avant-jugement\/#breadcrumb\",\"itemListElement\":[{\"@type\":\"ListItem\",\"position\":1,\"name\":\"Home\",\"item\":\"https:\/\/andsinc.wp.vortexdev.com\/fr\/\"},{\"@type\":\"ListItem\",\"position\":2,\"name\":\"Services de recouvrement et de litige\",\"item\":\"https:\/\/andsinc.wp.vortexdev.com\/fr\/recovery-litigation-services\/\"},{\"@type\":\"ListItem\",\"position\":3,\"name\":\"Service de saisies avant-jugement\"}]},{\"@type\":\"WebSite\",\"@id\":\"https:\/\/andsinc.wp.vortexdev.com\/fr\/#website\",\"url\":\"https:\/\/andsinc.wp.vortexdev.com\/fr\/\",\"name\":\"Anderson Sinclair Inc.\",\"description\":\"Avocats, barristers &amp; solicitors\",\"potentialAction\":[{\"@type\":\"SearchAction\",\"target\":{\"@type\":\"EntryPoint\",\"urlTemplate\":\"https:\/\/andsinc.wp.vortexdev.com\/fr\/?s={search_term_string}\"},\"query-input\":{\"@type\":\"PropertyValueSpecification\",\"valueRequired\":true,\"valueName\":\"search_term_string\"}}],\"inLanguage\":\"fr-FR\"}]}<\/script>\n<!-- \/ Yoast SEO plugin. -->","yoast_head_json":{"title":"Services de Saisies Avant-Jugement | Anderson Sinclair","description":"Maximisez vos rendements et r\u00e9duisez vos risques au moment de faire respecter vos ententes en cas de d\u00e9faut par vos d\u00e9biteurs et clients.","robots":{"index":"index","follow":"follow","max-snippet":"max-snippet:-1","max-image-preview":"max-image-preview:large","max-video-preview":"max-video-preview:-1"},"canonical":"https:\/\/andsinc.wp.vortexdev.com\/fr\/services-de-recouvrement-et-de-litige\/services-de-saisies-avant-jugement\/","og_locale":"fr_FR","og_type":"article","og_title":"Services de Saisies Avant-Jugement | Anderson Sinclair","og_description":"Maximisez vos rendements et r\u00e9duisez vos risques au moment de faire respecter vos ententes en cas de d\u00e9faut par vos d\u00e9biteurs et clients.","og_url":"https:\/\/andsinc.wp.vortexdev.com\/fr\/services-de-recouvrement-et-de-litige\/services-de-saisies-avant-jugement\/","og_site_name":"Anderson Sinclair Inc.","article_modified_time":"2021-07-08T17:11:42+00:00","twitter_card":"summary_large_image","twitter_misc":{"Dur\u00e9e de lecture estim\u00e9e":"1 minute"},"schema":{"@context":"https:\/\/schema.org","@graph":[{"@type":"WebPage","@id":"https:\/\/andsinc.wp.vortexdev.com\/fr\/services-de-recouvrement-et-de-litige\/services-de-saisies-avant-jugement\/","url":"https:\/\/andsinc.wp.vortexdev.com\/fr\/services-de-recouvrement-et-de-litige\/services-de-saisies-avant-jugement\/","name":"Services de Saisies Avant-Jugement | Anderson Sinclair","isPartOf":{"@id":"https:\/\/andsinc.wp.vortexdev.com\/fr\/#website"},"datePublished":"2017-11-08T17:22:43+00:00","dateModified":"2021-07-08T17:11:42+00:00","description":"Maximisez vos rendements et r\u00e9duisez vos risques au moment de faire respecter vos ententes en cas de d\u00e9faut par vos d\u00e9biteurs et clients.","breadcrumb":{"@id":"https:\/\/andsinc.wp.vortexdev.com\/fr\/services-de-recouvrement-et-de-litige\/services-de-saisies-avant-jugement\/#breadcrumb"},"inLanguage":"fr-FR","potentialAction":[{"@type":"ReadAction","target":["https:\/\/andsinc.wp.vortexdev.com\/fr\/services-de-recouvrement-et-de-litige\/services-de-saisies-avant-jugement\/"]}]},{"@type":"BreadcrumbList","@id":"https:\/\/andsinc.wp.vortexdev.com\/fr\/services-de-recouvrement-et-de-litige\/services-de-saisies-avant-jugement\/#breadcrumb","itemListElement":[{"@type":"ListItem","position":1,"name":"Home","item":"https:\/\/andsinc.wp.vortexdev.com\/fr\/"},{"@type":"ListItem","position":2,"name":"Services de recouvrement et de litige","item":"https:\/\/andsinc.wp.vortexdev.com\/fr\/recovery-litigation-services\/"},{"@type":"ListItem","position":3,"name":"Service de saisies avant-jugement"}]},{"@type":"WebSite","@id":"https:\/\/andsinc.wp.vortexdev.com\/fr\/#website","url":"https:\/\/andsinc.wp.vortexdev.com\/fr\/","name":"Anderson Sinclair Inc.","description":"Avocats, barristers &amp; solicitors","potentialAction":[{"@type":"SearchAction","target":{"@type":"EntryPoint","urlTemplate":"https:\/\/andsinc.wp.vortexdev.com\/fr\/?s={search_term_string}"},"query-input":{"@type":"PropertyValueSpecification","valueRequired":true,"valueName":"search_term_string"}}],"inLanguage":"fr-FR"}]}},"_links":{"self":[{"href":"https:\/\/andsinc.wp.vortexdev.com\/fr\/wp-json\/wp\/v2\/pages\/706","targetHints":{"allow":["GET"]}}],"collection":[{"href":"https:\/\/andsinc.wp.vortexdev.com\/fr\/wp-json\/wp\/v2\/pages"}],"about":[{"href":"https:\/\/andsinc.wp.vortexdev.com\/fr\/wp-json\/wp\/v2\/types\/page"}],"author":[{"embeddable":true,"href":"https:\/\/andsinc.wp.vortexdev.com\/fr\/wp-json\/wp\/v2\/users\/3"}],"replies":[{"embeddable":true,"href":"https:\/\/andsinc.wp.vortexdev.com\/fr\/wp-json\/wp\/v2\/comments?post=706"}],"version-history":[{"count":5,"href":"https:\/\/andsinc.wp.vortexdev.com\/fr\/wp-json\/wp\/v2\/pages\/706\/revisions"}],"predecessor-version":[{"id":1070,"href":"https:\/\/andsinc.wp.vortexdev.com\/fr\/wp-json\/wp\/v2\/pages\/706\/revisions\/1070"}],"up":[{"embeddable":true,"href":"https:\/\/andsinc.wp.vortexdev.com\/fr\/wp-json\/wp\/v2\/pages\/687"}],"wp:attachment":[{"href":"https:\/\/andsinc.wp.vortexdev.com\/fr\/wp-json\/wp\/v2\/media?parent=706"}],"curies":[{"name":"wp","href":"https:\/\/api.w.org\/{rel}","templated":true}]}}