{"id":708,"date":"2017-11-08T12:24:05","date_gmt":"2017-11-08T17:24:05","guid":{"rendered":"http:\/\/www.andsinc.com\/?page_id=708"},"modified":"2021-07-08T13:12:50","modified_gmt":"2021-07-08T17:12:50","slug":"litige-et-reglement-de-differends","status":"publish","type":"page","link":"https:\/\/andsinc.wp.vortexdev.com\/fr\/services-de-recouvrement-et-de-litige\/litige-et-reglement-de-differends\/","title":{"rendered":"Litige et r\u00e8glement de diff\u00e9rends"},"content":{"rendered":"[mk_page_section bg_color=\u00a0\u00bb#002169&Prime; sidebar=\u00a0\u00bbsct_work\u00a0\u00bb][vc_column][vc_column_text el_class=\u00a0\u00bbtexte-blanc\u00a0\u00bb css=\u00a0\u00bb.vc_custom_1625764367638{margin-bottom: 0px !important;}\u00a0\u00bb]Tous les pr\u00eateurs et institutions financi\u00e8res canadiennes, de par la nature de leurs activit\u00e9s, sont impliqu\u00e9s de temps \u00e0 autre dans des situations litigieuses.<\/p>\n<p>Nos avocats sont exp\u00e9riment\u00e9s dans les litiges commerciaux et contractuels et en mati\u00e8re de droit r\u00e9glementaire, que le litige implique un d\u00e9biteur, des partenaires commerciaux, des tiers ou des autorit\u00e9s r\u00e9glementaires.<\/p>\n<p>Anderson est en mesure de repr\u00e9senter ses clients devant toutes les instances judiciaires au Canada.<\/p>\n<p>Pour toutes questions, <a href=\"http:\/\/www.andsinc.com\/fr\/nos-bureaux\/\" aria-label=\"cliquez-ici pour nous \u00e9crire\">cliquez-ici<\/a>[\/vc_column_text][\/vc_column][\/mk_page_section]\n","protected":false},"excerpt":{"rendered":"<p>[mk_page_section bg_color=\u00a0\u00bb#002169&Prime; sidebar=\u00a0\u00bbsct_work\u00a0\u00bb][vc_column][vc_column_text el_class=\u00a0\u00bbtexte-blanc\u00a0\u00bb css=\u00a0\u00bb.vc_custom_1625764367638{margin-bottom: 0px !important;}\u00a0\u00bb]Tous les pr\u00eateurs et institutions financi\u00e8res canadiennes, de par la nature de leurs activit\u00e9s, sont impliqu\u00e9s de temps \u00e0 autre dans des situations litigieuses. Nos avocats sont exp\u00e9riment\u00e9s dans les litiges commerciaux et contractuels et en mati\u00e8re de droit r\u00e9glementaire, que le litige implique un d\u00e9biteur, des partenaires commerciaux, [&hellip;]<\/p>\n","protected":false},"author":3,"featured_media":0,"parent":687,"menu_order":0,"comment_status":"closed","ping_status":"closed","template":"","meta":{"footnotes":""},"class_list":["post-708","page","type-page","status-publish","hentry"],"yoast_head":"<!-- This site is optimized with the Yoast SEO plugin v27.0 - https:\/\/yoast.com\/product\/yoast-seo-wordpress\/ -->\n<title>Litiges Commerciaux et Contractuels | Anderson Sinclair<\/title>\n<meta name=\"description\" content=\"Nos avocats sont exp\u00e9riment\u00e9s dans les litiges commerciaux et contractuels et en mati\u00e8re de droit r\u00e9glementaire. Repr\u00e9sente partout au Canada.\" \/>\n<meta name=\"robots\" content=\"index, follow, max-snippet:-1, max-image-preview:large, max-video-preview:-1\" \/>\n<link rel=\"canonical\" href=\"https:\/\/andsinc.wp.vortexdev.com\/fr\/services-de-recouvrement-et-de-litige\/litige-et-reglement-de-differends\/\" \/>\n<meta property=\"og:locale\" content=\"fr_FR\" \/>\n<meta property=\"og:type\" content=\"article\" \/>\n<meta property=\"og:title\" content=\"Litiges Commerciaux et Contractuels | Anderson Sinclair\" \/>\n<meta property=\"og:description\" content=\"Nos avocats sont exp\u00e9riment\u00e9s dans les litiges commerciaux et contractuels et en mati\u00e8re de droit r\u00e9glementaire. Repr\u00e9sente partout au Canada.\" \/>\n<meta property=\"og:url\" content=\"https:\/\/andsinc.wp.vortexdev.com\/fr\/services-de-recouvrement-et-de-litige\/litige-et-reglement-de-differends\/\" \/>\n<meta property=\"og:site_name\" content=\"Anderson Sinclair Inc.\" \/>\n<meta property=\"article:modified_time\" content=\"2021-07-08T17:12:50+00:00\" \/>\n<meta name=\"twitter:card\" content=\"summary_large_image\" \/>\n<meta name=\"twitter:label1\" content=\"Dur\u00e9e de lecture estim\u00e9e\" \/>\n\t<meta name=\"twitter:data1\" content=\"1 minute\" \/>\n<script type=\"application\/ld+json\" class=\"yoast-schema-graph\">{\"@context\":\"https:\/\/schema.org\",\"@graph\":[{\"@type\":\"WebPage\",\"@id\":\"https:\/\/andsinc.wp.vortexdev.com\/fr\/services-de-recouvrement-et-de-litige\/litige-et-reglement-de-differends\/\",\"url\":\"https:\/\/andsinc.wp.vortexdev.com\/fr\/services-de-recouvrement-et-de-litige\/litige-et-reglement-de-differends\/\",\"name\":\"Litiges Commerciaux et Contractuels | Anderson Sinclair\",\"isPartOf\":{\"@id\":\"https:\/\/andsinc.wp.vortexdev.com\/fr\/#website\"},\"datePublished\":\"2017-11-08T17:24:05+00:00\",\"dateModified\":\"2021-07-08T17:12:50+00:00\",\"description\":\"Nos avocats sont exp\u00e9riment\u00e9s dans les litiges commerciaux et contractuels et en mati\u00e8re de droit r\u00e9glementaire. Repr\u00e9sente partout au Canada.\",\"breadcrumb\":{\"@id\":\"https:\/\/andsinc.wp.vortexdev.com\/fr\/services-de-recouvrement-et-de-litige\/litige-et-reglement-de-differends\/#breadcrumb\"},\"inLanguage\":\"fr-FR\",\"potentialAction\":[{\"@type\":\"ReadAction\",\"target\":[\"https:\/\/andsinc.wp.vortexdev.com\/fr\/services-de-recouvrement-et-de-litige\/litige-et-reglement-de-differends\/\"]}]},{\"@type\":\"BreadcrumbList\",\"@id\":\"https:\/\/andsinc.wp.vortexdev.com\/fr\/services-de-recouvrement-et-de-litige\/litige-et-reglement-de-differends\/#breadcrumb\",\"itemListElement\":[{\"@type\":\"ListItem\",\"position\":1,\"name\":\"Home\",\"item\":\"https:\/\/andsinc.wp.vortexdev.com\/fr\/\"},{\"@type\":\"ListItem\",\"position\":2,\"name\":\"Services de recouvrement et de litige\",\"item\":\"https:\/\/andsinc.wp.vortexdev.com\/fr\/recovery-litigation-services\/\"},{\"@type\":\"ListItem\",\"position\":3,\"name\":\"Litige et r\u00e8glement de diff\u00e9rends\"}]},{\"@type\":\"WebSite\",\"@id\":\"https:\/\/andsinc.wp.vortexdev.com\/fr\/#website\",\"url\":\"https:\/\/andsinc.wp.vortexdev.com\/fr\/\",\"name\":\"Anderson Sinclair Inc.\",\"description\":\"Avocats, barristers &amp; solicitors\",\"potentialAction\":[{\"@type\":\"SearchAction\",\"target\":{\"@type\":\"EntryPoint\",\"urlTemplate\":\"https:\/\/andsinc.wp.vortexdev.com\/fr\/?s={search_term_string}\"},\"query-input\":{\"@type\":\"PropertyValueSpecification\",\"valueRequired\":true,\"valueName\":\"search_term_string\"}}],\"inLanguage\":\"fr-FR\"}]}<\/script>\n<!-- \/ Yoast SEO plugin. -->","yoast_head_json":{"title":"Litiges Commerciaux et Contractuels | Anderson Sinclair","description":"Nos avocats sont exp\u00e9riment\u00e9s dans les litiges commerciaux et contractuels et en mati\u00e8re de droit r\u00e9glementaire. Repr\u00e9sente partout au Canada.","robots":{"index":"index","follow":"follow","max-snippet":"max-snippet:-1","max-image-preview":"max-image-preview:large","max-video-preview":"max-video-preview:-1"},"canonical":"https:\/\/andsinc.wp.vortexdev.com\/fr\/services-de-recouvrement-et-de-litige\/litige-et-reglement-de-differends\/","og_locale":"fr_FR","og_type":"article","og_title":"Litiges Commerciaux et Contractuels | Anderson Sinclair","og_description":"Nos avocats sont exp\u00e9riment\u00e9s dans les litiges commerciaux et contractuels et en mati\u00e8re de droit r\u00e9glementaire. Repr\u00e9sente partout au Canada.","og_url":"https:\/\/andsinc.wp.vortexdev.com\/fr\/services-de-recouvrement-et-de-litige\/litige-et-reglement-de-differends\/","og_site_name":"Anderson Sinclair Inc.","article_modified_time":"2021-07-08T17:12:50+00:00","twitter_card":"summary_large_image","twitter_misc":{"Dur\u00e9e de lecture estim\u00e9e":"1 minute"},"schema":{"@context":"https:\/\/schema.org","@graph":[{"@type":"WebPage","@id":"https:\/\/andsinc.wp.vortexdev.com\/fr\/services-de-recouvrement-et-de-litige\/litige-et-reglement-de-differends\/","url":"https:\/\/andsinc.wp.vortexdev.com\/fr\/services-de-recouvrement-et-de-litige\/litige-et-reglement-de-differends\/","name":"Litiges Commerciaux et Contractuels | Anderson Sinclair","isPartOf":{"@id":"https:\/\/andsinc.wp.vortexdev.com\/fr\/#website"},"datePublished":"2017-11-08T17:24:05+00:00","dateModified":"2021-07-08T17:12:50+00:00","description":"Nos avocats sont exp\u00e9riment\u00e9s dans les litiges commerciaux et contractuels et en mati\u00e8re de droit r\u00e9glementaire. Repr\u00e9sente partout au Canada.","breadcrumb":{"@id":"https:\/\/andsinc.wp.vortexdev.com\/fr\/services-de-recouvrement-et-de-litige\/litige-et-reglement-de-differends\/#breadcrumb"},"inLanguage":"fr-FR","potentialAction":[{"@type":"ReadAction","target":["https:\/\/andsinc.wp.vortexdev.com\/fr\/services-de-recouvrement-et-de-litige\/litige-et-reglement-de-differends\/"]}]},{"@type":"BreadcrumbList","@id":"https:\/\/andsinc.wp.vortexdev.com\/fr\/services-de-recouvrement-et-de-litige\/litige-et-reglement-de-differends\/#breadcrumb","itemListElement":[{"@type":"ListItem","position":1,"name":"Home","item":"https:\/\/andsinc.wp.vortexdev.com\/fr\/"},{"@type":"ListItem","position":2,"name":"Services de recouvrement et de litige","item":"https:\/\/andsinc.wp.vortexdev.com\/fr\/recovery-litigation-services\/"},{"@type":"ListItem","position":3,"name":"Litige et r\u00e8glement de diff\u00e9rends"}]},{"@type":"WebSite","@id":"https:\/\/andsinc.wp.vortexdev.com\/fr\/#website","url":"https:\/\/andsinc.wp.vortexdev.com\/fr\/","name":"Anderson Sinclair Inc.","description":"Avocats, barristers &amp; solicitors","potentialAction":[{"@type":"SearchAction","target":{"@type":"EntryPoint","urlTemplate":"https:\/\/andsinc.wp.vortexdev.com\/fr\/?s={search_term_string}"},"query-input":{"@type":"PropertyValueSpecification","valueRequired":true,"valueName":"search_term_string"}}],"inLanguage":"fr-FR"}]}},"_links":{"self":[{"href":"https:\/\/andsinc.wp.vortexdev.com\/fr\/wp-json\/wp\/v2\/pages\/708","targetHints":{"allow":["GET"]}}],"collection":[{"href":"https:\/\/andsinc.wp.vortexdev.com\/fr\/wp-json\/wp\/v2\/pages"}],"about":[{"href":"https:\/\/andsinc.wp.vortexdev.com\/fr\/wp-json\/wp\/v2\/types\/page"}],"author":[{"embeddable":true,"href":"https:\/\/andsinc.wp.vortexdev.com\/fr\/wp-json\/wp\/v2\/users\/3"}],"replies":[{"embeddable":true,"href":"https:\/\/andsinc.wp.vortexdev.com\/fr\/wp-json\/wp\/v2\/comments?post=708"}],"version-history":[{"count":4,"href":"https:\/\/andsinc.wp.vortexdev.com\/fr\/wp-json\/wp\/v2\/pages\/708\/revisions"}],"predecessor-version":[{"id":1072,"href":"https:\/\/andsinc.wp.vortexdev.com\/fr\/wp-json\/wp\/v2\/pages\/708\/revisions\/1072"}],"up":[{"embeddable":true,"href":"https:\/\/andsinc.wp.vortexdev.com\/fr\/wp-json\/wp\/v2\/pages\/687"}],"wp:attachment":[{"href":"https:\/\/andsinc.wp.vortexdev.com\/fr\/wp-json\/wp\/v2\/media?parent=708"}],"curies":[{"name":"wp","href":"https:\/\/api.w.org\/{rel}","templated":true}]}}