{"id":710,"date":"2017-11-08T12:25:22","date_gmt":"2017-11-08T17:25:22","guid":{"rendered":"http:\/\/www.andsinc.com\/?page_id=710"},"modified":"2021-07-08T13:13:41","modified_gmt":"2021-07-08T17:13:41","slug":"execution-des-jugements-et-gestion-de-portefeuille-de-jugements","status":"publish","type":"page","link":"https:\/\/andsinc.wp.vortexdev.com\/fr\/services-de-recouvrement-et-de-litige\/execution-des-jugements-et-gestion-de-portefeuille-de-jugements\/","title":{"rendered":"Ex\u00e9cution des jugements et gestion de portefeuille de jugements"},"content":{"rendered":"[mk_page_section bg_color=\u00a0\u00bb#002169&Prime; sidebar=\u00a0\u00bbsct_work\u00a0\u00bb][vc_column][vc_column_text el_class=\u00a0\u00bbtexte-blanc\u00a0\u00bb css=\u00a0\u00bb.vc_custom_1625764418815{margin-bottom: 0px !important;}\u00a0\u00bb]Vous \u00eates cr\u00e9ancier d&rsquo;un jugement, une soci\u00e9t\u00e9 de financement, une banque \u00e0 charte canadienne, un assureur hypoth\u00e9caire ou assureur-titres, et vous d\u00e9tenez des banques de jugement non-ex\u00e9cut\u00e9s et valides? Nous pouvons vous assister dans la gestion de l\u2019ex\u00e9cution de ces jugements et la gestion de votre banque de jugements.<\/p>\n<p>Notre \u00e9quipe est experte en mati\u00e8re d&rsquo;ex\u00e9cution des jugements. Que ce soit par l\u2019ex\u00e9cution de saisies-arr\u00eat de salaires et comptes bancaires, de saisies d\u2019actifs personnels ou commerciaux, ou par l\u2019entremise d\u2019interrogatoires de d\u00e9biteurs, nous sommes en mesure de vous assister dans la gestion de vos portefeuilles de jugements et de vous rendre compte de notre gestion.<\/p>\n<p>Pour toutes questions, <a href=\"http:\/\/www.andsinc.com\/fr\/nos-bureaux\/\" aria-label=\"cliquez-ici pour nous \u00e9crire\">cliquez-ici<\/a>[\/vc_column_text][\/vc_column][\/mk_page_section]\n","protected":false},"excerpt":{"rendered":"<p>[mk_page_section bg_color=\u00a0\u00bb#002169&Prime; sidebar=\u00a0\u00bbsct_work\u00a0\u00bb][vc_column][vc_column_text el_class=\u00a0\u00bbtexte-blanc\u00a0\u00bb css=\u00a0\u00bb.vc_custom_1625764418815{margin-bottom: 0px !important;}\u00a0\u00bb]Vous \u00eates cr\u00e9ancier d&rsquo;un jugement, une soci\u00e9t\u00e9 de financement, une banque \u00e0 charte canadienne, un assureur hypoth\u00e9caire ou assureur-titres, et vous d\u00e9tenez des banques de jugement non-ex\u00e9cut\u00e9s et valides? Nous pouvons vous assister dans la gestion de l\u2019ex\u00e9cution de ces jugements et la gestion de votre banque de jugements. [&hellip;]<\/p>\n","protected":false},"author":3,"featured_media":0,"parent":687,"menu_order":0,"comment_status":"closed","ping_status":"closed","template":"","meta":{"footnotes":""},"class_list":["post-710","page","type-page","status-publish","hentry"],"yoast_head":"<!-- This site is optimized with the Yoast SEO plugin v27.0 - https:\/\/yoast.com\/product\/yoast-seo-wordpress\/ -->\n<title>Gestion de Portefeuille de Jugements | Anderson Sinclair<\/title>\n<meta name=\"description\" content=\"Ex\u00e9cution de saisies-arr\u00eat de salaires et comptes bancaires, saisies d\u2019actifs personnels ou commerciaux, ou par l\u2019entremise d\u2019interrogatoires de d\u00e9biteurs.\" \/>\n<meta name=\"robots\" content=\"index, follow, max-snippet:-1, max-image-preview:large, max-video-preview:-1\" \/>\n<link rel=\"canonical\" href=\"https:\/\/andsinc.wp.vortexdev.com\/fr\/services-de-recouvrement-et-de-litige\/execution-des-jugements-et-gestion-de-portefeuille-de-jugements\/\" \/>\n<meta property=\"og:locale\" content=\"fr_FR\" \/>\n<meta property=\"og:type\" content=\"article\" \/>\n<meta property=\"og:title\" content=\"Gestion de Portefeuille de Jugements | Anderson Sinclair\" \/>\n<meta property=\"og:description\" content=\"Ex\u00e9cution de saisies-arr\u00eat de salaires et comptes bancaires, saisies d\u2019actifs personnels ou commerciaux, ou par l\u2019entremise d\u2019interrogatoires de d\u00e9biteurs.\" \/>\n<meta property=\"og:url\" content=\"https:\/\/andsinc.wp.vortexdev.com\/fr\/services-de-recouvrement-et-de-litige\/execution-des-jugements-et-gestion-de-portefeuille-de-jugements\/\" \/>\n<meta property=\"og:site_name\" content=\"Anderson Sinclair Inc.\" \/>\n<meta property=\"article:modified_time\" content=\"2021-07-08T17:13:41+00:00\" \/>\n<meta name=\"twitter:card\" content=\"summary_large_image\" \/>\n<meta name=\"twitter:label1\" content=\"Dur\u00e9e de lecture estim\u00e9e\" \/>\n\t<meta name=\"twitter:data1\" content=\"1 minute\" \/>\n<script type=\"application\/ld+json\" class=\"yoast-schema-graph\">{\"@context\":\"https:\/\/schema.org\",\"@graph\":[{\"@type\":\"WebPage\",\"@id\":\"https:\/\/andsinc.wp.vortexdev.com\/fr\/services-de-recouvrement-et-de-litige\/execution-des-jugements-et-gestion-de-portefeuille-de-jugements\/\",\"url\":\"https:\/\/andsinc.wp.vortexdev.com\/fr\/services-de-recouvrement-et-de-litige\/execution-des-jugements-et-gestion-de-portefeuille-de-jugements\/\",\"name\":\"Gestion de Portefeuille de Jugements | Anderson Sinclair\",\"isPartOf\":{\"@id\":\"https:\/\/andsinc.wp.vortexdev.com\/fr\/#website\"},\"datePublished\":\"2017-11-08T17:25:22+00:00\",\"dateModified\":\"2021-07-08T17:13:41+00:00\",\"description\":\"Ex\u00e9cution de saisies-arr\u00eat de salaires et comptes bancaires, saisies d\u2019actifs personnels ou commerciaux, ou par l\u2019entremise d\u2019interrogatoires de d\u00e9biteurs.\",\"breadcrumb\":{\"@id\":\"https:\/\/andsinc.wp.vortexdev.com\/fr\/services-de-recouvrement-et-de-litige\/execution-des-jugements-et-gestion-de-portefeuille-de-jugements\/#breadcrumb\"},\"inLanguage\":\"fr-FR\",\"potentialAction\":[{\"@type\":\"ReadAction\",\"target\":[\"https:\/\/andsinc.wp.vortexdev.com\/fr\/services-de-recouvrement-et-de-litige\/execution-des-jugements-et-gestion-de-portefeuille-de-jugements\/\"]}]},{\"@type\":\"BreadcrumbList\",\"@id\":\"https:\/\/andsinc.wp.vortexdev.com\/fr\/services-de-recouvrement-et-de-litige\/execution-des-jugements-et-gestion-de-portefeuille-de-jugements\/#breadcrumb\",\"itemListElement\":[{\"@type\":\"ListItem\",\"position\":1,\"name\":\"Home\",\"item\":\"https:\/\/andsinc.wp.vortexdev.com\/fr\/\"},{\"@type\":\"ListItem\",\"position\":2,\"name\":\"Services de recouvrement et de litige\",\"item\":\"https:\/\/andsinc.wp.vortexdev.com\/fr\/recovery-litigation-services\/\"},{\"@type\":\"ListItem\",\"position\":3,\"name\":\"Ex\u00e9cution des jugements et gestion de portefeuille de jugements\"}]},{\"@type\":\"WebSite\",\"@id\":\"https:\/\/andsinc.wp.vortexdev.com\/fr\/#website\",\"url\":\"https:\/\/andsinc.wp.vortexdev.com\/fr\/\",\"name\":\"Anderson Sinclair Inc.\",\"description\":\"Avocats, barristers &amp; solicitors\",\"potentialAction\":[{\"@type\":\"SearchAction\",\"target\":{\"@type\":\"EntryPoint\",\"urlTemplate\":\"https:\/\/andsinc.wp.vortexdev.com\/fr\/?s={search_term_string}\"},\"query-input\":{\"@type\":\"PropertyValueSpecification\",\"valueRequired\":true,\"valueName\":\"search_term_string\"}}],\"inLanguage\":\"fr-FR\"}]}<\/script>\n<!-- \/ Yoast SEO plugin. -->","yoast_head_json":{"title":"Gestion de Portefeuille de Jugements | Anderson Sinclair","description":"Ex\u00e9cution de saisies-arr\u00eat de salaires et comptes bancaires, saisies d\u2019actifs personnels ou commerciaux, ou par l\u2019entremise d\u2019interrogatoires de d\u00e9biteurs.","robots":{"index":"index","follow":"follow","max-snippet":"max-snippet:-1","max-image-preview":"max-image-preview:large","max-video-preview":"max-video-preview:-1"},"canonical":"https:\/\/andsinc.wp.vortexdev.com\/fr\/services-de-recouvrement-et-de-litige\/execution-des-jugements-et-gestion-de-portefeuille-de-jugements\/","og_locale":"fr_FR","og_type":"article","og_title":"Gestion de Portefeuille de Jugements | Anderson Sinclair","og_description":"Ex\u00e9cution de saisies-arr\u00eat de salaires et comptes bancaires, saisies d\u2019actifs personnels ou commerciaux, ou par l\u2019entremise d\u2019interrogatoires de d\u00e9biteurs.","og_url":"https:\/\/andsinc.wp.vortexdev.com\/fr\/services-de-recouvrement-et-de-litige\/execution-des-jugements-et-gestion-de-portefeuille-de-jugements\/","og_site_name":"Anderson Sinclair Inc.","article_modified_time":"2021-07-08T17:13:41+00:00","twitter_card":"summary_large_image","twitter_misc":{"Dur\u00e9e de lecture estim\u00e9e":"1 minute"},"schema":{"@context":"https:\/\/schema.org","@graph":[{"@type":"WebPage","@id":"https:\/\/andsinc.wp.vortexdev.com\/fr\/services-de-recouvrement-et-de-litige\/execution-des-jugements-et-gestion-de-portefeuille-de-jugements\/","url":"https:\/\/andsinc.wp.vortexdev.com\/fr\/services-de-recouvrement-et-de-litige\/execution-des-jugements-et-gestion-de-portefeuille-de-jugements\/","name":"Gestion de Portefeuille de Jugements | Anderson Sinclair","isPartOf":{"@id":"https:\/\/andsinc.wp.vortexdev.com\/fr\/#website"},"datePublished":"2017-11-08T17:25:22+00:00","dateModified":"2021-07-08T17:13:41+00:00","description":"Ex\u00e9cution de saisies-arr\u00eat de salaires et comptes bancaires, saisies d\u2019actifs personnels ou commerciaux, ou par l\u2019entremise d\u2019interrogatoires de d\u00e9biteurs.","breadcrumb":{"@id":"https:\/\/andsinc.wp.vortexdev.com\/fr\/services-de-recouvrement-et-de-litige\/execution-des-jugements-et-gestion-de-portefeuille-de-jugements\/#breadcrumb"},"inLanguage":"fr-FR","potentialAction":[{"@type":"ReadAction","target":["https:\/\/andsinc.wp.vortexdev.com\/fr\/services-de-recouvrement-et-de-litige\/execution-des-jugements-et-gestion-de-portefeuille-de-jugements\/"]}]},{"@type":"BreadcrumbList","@id":"https:\/\/andsinc.wp.vortexdev.com\/fr\/services-de-recouvrement-et-de-litige\/execution-des-jugements-et-gestion-de-portefeuille-de-jugements\/#breadcrumb","itemListElement":[{"@type":"ListItem","position":1,"name":"Home","item":"https:\/\/andsinc.wp.vortexdev.com\/fr\/"},{"@type":"ListItem","position":2,"name":"Services de recouvrement et de litige","item":"https:\/\/andsinc.wp.vortexdev.com\/fr\/recovery-litigation-services\/"},{"@type":"ListItem","position":3,"name":"Ex\u00e9cution des jugements et gestion de portefeuille de jugements"}]},{"@type":"WebSite","@id":"https:\/\/andsinc.wp.vortexdev.com\/fr\/#website","url":"https:\/\/andsinc.wp.vortexdev.com\/fr\/","name":"Anderson Sinclair Inc.","description":"Avocats, barristers &amp; solicitors","potentialAction":[{"@type":"SearchAction","target":{"@type":"EntryPoint","urlTemplate":"https:\/\/andsinc.wp.vortexdev.com\/fr\/?s={search_term_string}"},"query-input":{"@type":"PropertyValueSpecification","valueRequired":true,"valueName":"search_term_string"}}],"inLanguage":"fr-FR"}]}},"_links":{"self":[{"href":"https:\/\/andsinc.wp.vortexdev.com\/fr\/wp-json\/wp\/v2\/pages\/710","targetHints":{"allow":["GET"]}}],"collection":[{"href":"https:\/\/andsinc.wp.vortexdev.com\/fr\/wp-json\/wp\/v2\/pages"}],"about":[{"href":"https:\/\/andsinc.wp.vortexdev.com\/fr\/wp-json\/wp\/v2\/types\/page"}],"author":[{"embeddable":true,"href":"https:\/\/andsinc.wp.vortexdev.com\/fr\/wp-json\/wp\/v2\/users\/3"}],"replies":[{"embeddable":true,"href":"https:\/\/andsinc.wp.vortexdev.com\/fr\/wp-json\/wp\/v2\/comments?post=710"}],"version-history":[{"count":6,"href":"https:\/\/andsinc.wp.vortexdev.com\/fr\/wp-json\/wp\/v2\/pages\/710\/revisions"}],"predecessor-version":[{"id":1074,"href":"https:\/\/andsinc.wp.vortexdev.com\/fr\/wp-json\/wp\/v2\/pages\/710\/revisions\/1074"}],"up":[{"embeddable":true,"href":"https:\/\/andsinc.wp.vortexdev.com\/fr\/wp-json\/wp\/v2\/pages\/687"}],"wp:attachment":[{"href":"https:\/\/andsinc.wp.vortexdev.com\/fr\/wp-json\/wp\/v2\/media?parent=710"}],"curies":[{"name":"wp","href":"https:\/\/api.w.org\/{rel}","templated":true}]}}