{"id":712,"date":"2017-11-08T12:26:53","date_gmt":"2017-11-08T17:26:53","guid":{"rendered":"http:\/\/www.andsinc.com\/?page_id=712"},"modified":"2021-07-08T13:14:38","modified_gmt":"2021-07-08T17:14:38","slug":"services-de-localisation-de-debiteurs-et-dactifs","status":"publish","type":"page","link":"https:\/\/andsinc.wp.vortexdev.com\/fr\/services-de-recouvrement-et-de-litige\/services-de-localisation-de-debiteurs-et-dactifs\/","title":{"rendered":"Services de localisation de d\u00e9biteurs et d\u2019actifs"},"content":{"rendered":"[mk_page_section bg_color=\u00a0\u00bb#002169&Prime; sidebar=\u00a0\u00bbsct_work\u00a0\u00bb][vc_column][vc_column_text el_class=\u00a0\u00bbtexte-blanc\u00a0\u00bb css=\u00a0\u00bb.vc_custom_1625764475248{margin-bottom: 0px !important;}\u00a0\u00bb]Au quotidien, les op\u00e9rations de recouvrement font souvent l\u2019objet d\u2019obstacles. Les d\u00e9biteurs confront\u00e9s \u00e0 des difficult\u00e9s financi\u00e8res ont tendance \u00e0 se d\u00e9placer plus r\u00e9guli\u00e8rement, \u00e0 changer d&#8217;emploi et, parfois, ils n&rsquo;informent pas leurs cr\u00e9anciers de ces changements.<\/p>\n<p>Les entreprises sp\u00e9cialis\u00e9es dans la recherche d\u2019actifs et de personnes sont alors mises \u00e0 profit, en plus de l\u2019utilisation de donn\u00e9es disponibles et des technologies \u00e9mergentes, afin d\u2019assister les cr\u00e9anciers dans leurs op\u00e9rations de recouvrement.<\/p>\n<p>Anderson met \u00e0 la disposition de ses clients certains services de localisation d\u2019actifs et d\u2019individus, en plus de services de gestion d\u2019intervenants en cette mati\u00e8re.<\/p>\n<p>Pour toutes questions, <a href=\"http:\/\/www.andsinc.com\/fr\/nos-bureaux\/\" aria-label=\"cliquez-ici pour nous \u00e9crire\">cliquez-ici<\/a>[\/vc_column_text][\/vc_column][\/mk_page_section]\n","protected":false},"excerpt":{"rendered":"<p>[mk_page_section bg_color=\u00a0\u00bb#002169&Prime; sidebar=\u00a0\u00bbsct_work\u00a0\u00bb][vc_column][vc_column_text el_class=\u00a0\u00bbtexte-blanc\u00a0\u00bb css=\u00a0\u00bb.vc_custom_1625764475248{margin-bottom: 0px !important;}\u00a0\u00bb]Au quotidien, les op\u00e9rations de recouvrement font souvent l\u2019objet d\u2019obstacles. Les d\u00e9biteurs confront\u00e9s \u00e0 des difficult\u00e9s financi\u00e8res ont tendance \u00e0 se d\u00e9placer plus r\u00e9guli\u00e8rement, \u00e0 changer d&#8217;emploi et, parfois, ils n&rsquo;informent pas leurs cr\u00e9anciers de ces changements. Les entreprises sp\u00e9cialis\u00e9es dans la recherche d\u2019actifs et de personnes sont alors [&hellip;]<\/p>\n","protected":false},"author":3,"featured_media":0,"parent":687,"menu_order":0,"comment_status":"closed","ping_status":"closed","template":"","meta":{"footnotes":""},"class_list":["post-712","page","type-page","status-publish","hentry"],"yoast_head":"<!-- This site is optimized with the Yoast SEO plugin v27.0 - https:\/\/yoast.com\/product\/yoast-seo-wordpress\/ -->\n<title>Services de Localisation d\u2019Actifs et d\u2019Individus | Anderson<\/title>\n<meta name=\"description\" content=\"Anderson met \u00e0 la disposition de ses clients certains services de localisation d\u2019actifs et d\u2019individus, en plus de services de gestion d\u2019intervenants en cette mati\u00e8re.\" \/>\n<meta name=\"robots\" content=\"index, follow, max-snippet:-1, max-image-preview:large, max-video-preview:-1\" \/>\n<link rel=\"canonical\" href=\"https:\/\/andsinc.wp.vortexdev.com\/fr\/services-de-recouvrement-et-de-litige\/services-de-localisation-de-debiteurs-et-dactifs\/\" \/>\n<meta property=\"og:locale\" content=\"fr_FR\" \/>\n<meta property=\"og:type\" content=\"article\" \/>\n<meta property=\"og:title\" content=\"Services de Localisation d\u2019Actifs et d\u2019Individus | Anderson\" \/>\n<meta property=\"og:description\" content=\"Anderson met \u00e0 la disposition de ses clients certains services de localisation d\u2019actifs et d\u2019individus, en plus de services de gestion d\u2019intervenants en cette mati\u00e8re.\" \/>\n<meta property=\"og:url\" content=\"https:\/\/andsinc.wp.vortexdev.com\/fr\/services-de-recouvrement-et-de-litige\/services-de-localisation-de-debiteurs-et-dactifs\/\" \/>\n<meta property=\"og:site_name\" content=\"Anderson Sinclair Inc.\" \/>\n<meta property=\"article:modified_time\" content=\"2021-07-08T17:14:38+00:00\" \/>\n<meta name=\"twitter:card\" content=\"summary_large_image\" \/>\n<meta name=\"twitter:label1\" content=\"Dur\u00e9e de lecture estim\u00e9e\" \/>\n\t<meta name=\"twitter:data1\" content=\"1 minute\" \/>\n<script type=\"application\/ld+json\" class=\"yoast-schema-graph\">{\"@context\":\"https:\/\/schema.org\",\"@graph\":[{\"@type\":\"WebPage\",\"@id\":\"https:\/\/andsinc.wp.vortexdev.com\/fr\/services-de-recouvrement-et-de-litige\/services-de-localisation-de-debiteurs-et-dactifs\/\",\"url\":\"https:\/\/andsinc.wp.vortexdev.com\/fr\/services-de-recouvrement-et-de-litige\/services-de-localisation-de-debiteurs-et-dactifs\/\",\"name\":\"Services de Localisation d\u2019Actifs et d\u2019Individus | Anderson\",\"isPartOf\":{\"@id\":\"https:\/\/andsinc.wp.vortexdev.com\/fr\/#website\"},\"datePublished\":\"2017-11-08T17:26:53+00:00\",\"dateModified\":\"2021-07-08T17:14:38+00:00\",\"description\":\"Anderson met \u00e0 la disposition de ses clients certains services de localisation d\u2019actifs et d\u2019individus, en plus de services de gestion d\u2019intervenants en cette mati\u00e8re.\",\"breadcrumb\":{\"@id\":\"https:\/\/andsinc.wp.vortexdev.com\/fr\/services-de-recouvrement-et-de-litige\/services-de-localisation-de-debiteurs-et-dactifs\/#breadcrumb\"},\"inLanguage\":\"fr-FR\",\"potentialAction\":[{\"@type\":\"ReadAction\",\"target\":[\"https:\/\/andsinc.wp.vortexdev.com\/fr\/services-de-recouvrement-et-de-litige\/services-de-localisation-de-debiteurs-et-dactifs\/\"]}]},{\"@type\":\"BreadcrumbList\",\"@id\":\"https:\/\/andsinc.wp.vortexdev.com\/fr\/services-de-recouvrement-et-de-litige\/services-de-localisation-de-debiteurs-et-dactifs\/#breadcrumb\",\"itemListElement\":[{\"@type\":\"ListItem\",\"position\":1,\"name\":\"Home\",\"item\":\"https:\/\/andsinc.wp.vortexdev.com\/fr\/\"},{\"@type\":\"ListItem\",\"position\":2,\"name\":\"Services de recouvrement et de litige\",\"item\":\"https:\/\/andsinc.wp.vortexdev.com\/fr\/recovery-litigation-services\/\"},{\"@type\":\"ListItem\",\"position\":3,\"name\":\"Services de localisation de d\u00e9biteurs et d\u2019actifs\"}]},{\"@type\":\"WebSite\",\"@id\":\"https:\/\/andsinc.wp.vortexdev.com\/fr\/#website\",\"url\":\"https:\/\/andsinc.wp.vortexdev.com\/fr\/\",\"name\":\"Anderson Sinclair Inc.\",\"description\":\"Avocats, barristers &amp; solicitors\",\"potentialAction\":[{\"@type\":\"SearchAction\",\"target\":{\"@type\":\"EntryPoint\",\"urlTemplate\":\"https:\/\/andsinc.wp.vortexdev.com\/fr\/?s={search_term_string}\"},\"query-input\":{\"@type\":\"PropertyValueSpecification\",\"valueRequired\":true,\"valueName\":\"search_term_string\"}}],\"inLanguage\":\"fr-FR\"}]}<\/script>\n<!-- \/ Yoast SEO plugin. -->","yoast_head_json":{"title":"Services de Localisation d\u2019Actifs et d\u2019Individus | Anderson","description":"Anderson met \u00e0 la disposition de ses clients certains services de localisation d\u2019actifs et d\u2019individus, en plus de services de gestion d\u2019intervenants en cette mati\u00e8re.","robots":{"index":"index","follow":"follow","max-snippet":"max-snippet:-1","max-image-preview":"max-image-preview:large","max-video-preview":"max-video-preview:-1"},"canonical":"https:\/\/andsinc.wp.vortexdev.com\/fr\/services-de-recouvrement-et-de-litige\/services-de-localisation-de-debiteurs-et-dactifs\/","og_locale":"fr_FR","og_type":"article","og_title":"Services de Localisation d\u2019Actifs et d\u2019Individus | Anderson","og_description":"Anderson met \u00e0 la disposition de ses clients certains services de localisation d\u2019actifs et d\u2019individus, en plus de services de gestion d\u2019intervenants en cette mati\u00e8re.","og_url":"https:\/\/andsinc.wp.vortexdev.com\/fr\/services-de-recouvrement-et-de-litige\/services-de-localisation-de-debiteurs-et-dactifs\/","og_site_name":"Anderson Sinclair Inc.","article_modified_time":"2021-07-08T17:14:38+00:00","twitter_card":"summary_large_image","twitter_misc":{"Dur\u00e9e de lecture estim\u00e9e":"1 minute"},"schema":{"@context":"https:\/\/schema.org","@graph":[{"@type":"WebPage","@id":"https:\/\/andsinc.wp.vortexdev.com\/fr\/services-de-recouvrement-et-de-litige\/services-de-localisation-de-debiteurs-et-dactifs\/","url":"https:\/\/andsinc.wp.vortexdev.com\/fr\/services-de-recouvrement-et-de-litige\/services-de-localisation-de-debiteurs-et-dactifs\/","name":"Services de Localisation d\u2019Actifs et d\u2019Individus | Anderson","isPartOf":{"@id":"https:\/\/andsinc.wp.vortexdev.com\/fr\/#website"},"datePublished":"2017-11-08T17:26:53+00:00","dateModified":"2021-07-08T17:14:38+00:00","description":"Anderson met \u00e0 la disposition de ses clients certains services de localisation d\u2019actifs et d\u2019individus, en plus de services de gestion d\u2019intervenants en cette mati\u00e8re.","breadcrumb":{"@id":"https:\/\/andsinc.wp.vortexdev.com\/fr\/services-de-recouvrement-et-de-litige\/services-de-localisation-de-debiteurs-et-dactifs\/#breadcrumb"},"inLanguage":"fr-FR","potentialAction":[{"@type":"ReadAction","target":["https:\/\/andsinc.wp.vortexdev.com\/fr\/services-de-recouvrement-et-de-litige\/services-de-localisation-de-debiteurs-et-dactifs\/"]}]},{"@type":"BreadcrumbList","@id":"https:\/\/andsinc.wp.vortexdev.com\/fr\/services-de-recouvrement-et-de-litige\/services-de-localisation-de-debiteurs-et-dactifs\/#breadcrumb","itemListElement":[{"@type":"ListItem","position":1,"name":"Home","item":"https:\/\/andsinc.wp.vortexdev.com\/fr\/"},{"@type":"ListItem","position":2,"name":"Services de recouvrement et de litige","item":"https:\/\/andsinc.wp.vortexdev.com\/fr\/recovery-litigation-services\/"},{"@type":"ListItem","position":3,"name":"Services de localisation de d\u00e9biteurs et d\u2019actifs"}]},{"@type":"WebSite","@id":"https:\/\/andsinc.wp.vortexdev.com\/fr\/#website","url":"https:\/\/andsinc.wp.vortexdev.com\/fr\/","name":"Anderson Sinclair Inc.","description":"Avocats, barristers &amp; solicitors","potentialAction":[{"@type":"SearchAction","target":{"@type":"EntryPoint","urlTemplate":"https:\/\/andsinc.wp.vortexdev.com\/fr\/?s={search_term_string}"},"query-input":{"@type":"PropertyValueSpecification","valueRequired":true,"valueName":"search_term_string"}}],"inLanguage":"fr-FR"}]}},"_links":{"self":[{"href":"https:\/\/andsinc.wp.vortexdev.com\/fr\/wp-json\/wp\/v2\/pages\/712","targetHints":{"allow":["GET"]}}],"collection":[{"href":"https:\/\/andsinc.wp.vortexdev.com\/fr\/wp-json\/wp\/v2\/pages"}],"about":[{"href":"https:\/\/andsinc.wp.vortexdev.com\/fr\/wp-json\/wp\/v2\/types\/page"}],"author":[{"embeddable":true,"href":"https:\/\/andsinc.wp.vortexdev.com\/fr\/wp-json\/wp\/v2\/users\/3"}],"replies":[{"embeddable":true,"href":"https:\/\/andsinc.wp.vortexdev.com\/fr\/wp-json\/wp\/v2\/comments?post=712"}],"version-history":[{"count":4,"href":"https:\/\/andsinc.wp.vortexdev.com\/fr\/wp-json\/wp\/v2\/pages\/712\/revisions"}],"predecessor-version":[{"id":1076,"href":"https:\/\/andsinc.wp.vortexdev.com\/fr\/wp-json\/wp\/v2\/pages\/712\/revisions\/1076"}],"up":[{"embeddable":true,"href":"https:\/\/andsinc.wp.vortexdev.com\/fr\/wp-json\/wp\/v2\/pages\/687"}],"wp:attachment":[{"href":"https:\/\/andsinc.wp.vortexdev.com\/fr\/wp-json\/wp\/v2\/media?parent=712"}],"curies":[{"name":"wp","href":"https:\/\/api.w.org\/{rel}","templated":true}]}}