{"id":717,"date":"2017-11-08T12:29:44","date_gmt":"2017-11-08T17:29:44","guid":{"rendered":"http:\/\/www.andsinc.com\/?page_id=717"},"modified":"2018-05-29T15:52:07","modified_gmt":"2018-05-29T19:52:07","slug":"nos-valeurs-fondamentales","status":"publish","type":"page","link":"https:\/\/andsinc.wp.vortexdev.com\/fr\/notre-culture\/nos-valeurs-fondamentales\/","title":{"rendered":"Nos valeurs fondamentales"},"content":{"rendered":"[mk_page_section bg_color=\u00a0\u00bb#002169&Prime; sidebar=\u00a0\u00bbsct_work\u00a0\u00bb][vc_column][vc_column_text el_class=\u00a0\u00bbtexte-blanc\u00a0\u00bb css=\u00a0\u00bb.vc_custom_1527623525236{margin-bottom: 0px !important;}\u00a0\u00bb]<strong>Oser penser autrement<\/strong><\/p>\n<p>Nous aspirons \u00e0 \u00eatre et demeurer les leaders dans notre industrie. Sans cesse, nous innovons, transformons et nous perturbons.<\/p>\n<p>&nbsp;<\/p>\n<p><strong>Favoriser les partenariats<\/strong><\/p>\n<p>Toutes nos actions et innovation sont muent par le meilleur int\u00e9r\u00eat de nos clients et partenaires. Nous comprenons et anticipons leurs besoins. Nos solutions d&rsquo;affaires sont d\u00e9velopp\u00e9es en partenariat avec eux afin de nous assurer de leur pleine valeur.<\/p>\n<p>&nbsp;<\/p>\n<p><strong>Etre pers\u00e9v\u00e9rant<\/strong><\/p>\n<p>Les \u00e9checs et les obstacles font partie int\u00e9grante du quotidien de toute entreprise. Notre ing\u00e9niosit\u00e9 et notre d\u00e9sir de r\u00e9ussir nous poussent \u00e0 surmonter les d\u00e9fis qui surgissent invariablement au cours de notre parcours.<\/p>\n<p>&nbsp;<\/p>\n<p><strong>Nous amuser et \u00eatre exceptionnels<\/strong><\/p>\n<p>Nous sommes passionn\u00e9s, connect\u00e9s et motiv\u00e9s.<\/p>\n<p>&nbsp;<\/p>\n<p><strong>Notre mission<\/strong><\/p>\n<p>Notre mission est de faire la r\u00e9ing\u00e9nierie du mod\u00e8le d\u2019affaires dans l\u2019industrie des services juridiques relatifs au recouvrement de cr\u00e9ances des pr\u00eateurs et cr\u00e9anciers au Canada. Notre approche est fond\u00e9e sur l\u2019exploitation de la technologie, l\u2019analyse de donn\u00e9es pertinentes, l\u2019intelligence artificielle et la gestion optimales de processus op\u00e9rationnels.[\/vc_column_text][\/vc_column][\/mk_page_section]\n","protected":false},"excerpt":{"rendered":"<p>[mk_page_section bg_color=\u00a0\u00bb#002169&Prime; sidebar=\u00a0\u00bbsct_work\u00a0\u00bb][vc_column][vc_column_text el_class=\u00a0\u00bbtexte-blanc\u00a0\u00bb css=\u00a0\u00bb.vc_custom_1527623525236{margin-bottom: 0px !important;}\u00a0\u00bb]Oser penser autrement Nous aspirons \u00e0 \u00eatre et demeurer les leaders dans notre industrie. Sans cesse, nous innovons, transformons et nous perturbons. &nbsp; Favoriser les partenariats Toutes nos actions et innovation sont muent par le meilleur int\u00e9r\u00eat de nos clients et partenaires. Nous comprenons et anticipons leurs besoins. Nos [&hellip;]<\/p>\n","protected":false},"author":3,"featured_media":0,"parent":714,"menu_order":0,"comment_status":"closed","ping_status":"closed","template":"","meta":{"footnotes":""},"class_list":["post-717","page","type-page","status-publish","hentry"],"yoast_head":"<!-- This site is optimized with the Yoast SEO plugin v27.0 - https:\/\/yoast.com\/product\/yoast-seo-wordpress\/ -->\n<title>Nos Valeurs fondametnales | Anderson Sinclair<\/title>\n<meta name=\"description\" content=\"Faire la r\u00e9ing\u00e9nierie du mod\u00e8le d\u2019affaires dans l\u2019industrie des services juridiques relatifs au recouvrement de cr\u00e9ances des pr\u00eateurs et cr\u00e9anciers au Canada.\" \/>\n<meta name=\"robots\" content=\"index, follow, max-snippet:-1, max-image-preview:large, max-video-preview:-1\" \/>\n<link rel=\"canonical\" href=\"https:\/\/andsinc.wp.vortexdev.com\/fr\/notre-culture\/nos-valeurs-fondamentales\/\" \/>\n<meta property=\"og:locale\" content=\"fr_FR\" \/>\n<meta property=\"og:type\" content=\"article\" \/>\n<meta property=\"og:title\" content=\"Nos Valeurs fondametnales | Anderson Sinclair\" \/>\n<meta property=\"og:description\" content=\"Faire la r\u00e9ing\u00e9nierie du mod\u00e8le d\u2019affaires dans l\u2019industrie des services juridiques relatifs au recouvrement de cr\u00e9ances des pr\u00eateurs et cr\u00e9anciers au Canada.\" \/>\n<meta property=\"og:url\" content=\"https:\/\/andsinc.wp.vortexdev.com\/fr\/notre-culture\/nos-valeurs-fondamentales\/\" \/>\n<meta property=\"og:site_name\" content=\"Anderson Sinclair Inc.\" \/>\n<meta property=\"article:modified_time\" content=\"2018-05-29T19:52:07+00:00\" \/>\n<meta name=\"twitter:card\" content=\"summary_large_image\" \/>\n<meta name=\"twitter:label1\" content=\"Dur\u00e9e de lecture estim\u00e9e\" \/>\n\t<meta name=\"twitter:data1\" content=\"1 minute\" \/>\n<script type=\"application\/ld+json\" class=\"yoast-schema-graph\">{\"@context\":\"https:\/\/schema.org\",\"@graph\":[{\"@type\":\"WebPage\",\"@id\":\"https:\/\/andsinc.wp.vortexdev.com\/fr\/notre-culture\/nos-valeurs-fondamentales\/\",\"url\":\"https:\/\/andsinc.wp.vortexdev.com\/fr\/notre-culture\/nos-valeurs-fondamentales\/\",\"name\":\"Nos Valeurs fondametnales | Anderson Sinclair\",\"isPartOf\":{\"@id\":\"https:\/\/andsinc.wp.vortexdev.com\/fr\/#website\"},\"datePublished\":\"2017-11-08T17:29:44+00:00\",\"dateModified\":\"2018-05-29T19:52:07+00:00\",\"description\":\"Faire la r\u00e9ing\u00e9nierie du mod\u00e8le d\u2019affaires dans l\u2019industrie des services juridiques relatifs au recouvrement de cr\u00e9ances des pr\u00eateurs et cr\u00e9anciers au Canada.\",\"breadcrumb\":{\"@id\":\"https:\/\/andsinc.wp.vortexdev.com\/fr\/notre-culture\/nos-valeurs-fondamentales\/#breadcrumb\"},\"inLanguage\":\"fr-FR\",\"potentialAction\":[{\"@type\":\"ReadAction\",\"target\":[\"https:\/\/andsinc.wp.vortexdev.com\/fr\/notre-culture\/nos-valeurs-fondamentales\/\"]}]},{\"@type\":\"BreadcrumbList\",\"@id\":\"https:\/\/andsinc.wp.vortexdev.com\/fr\/notre-culture\/nos-valeurs-fondamentales\/#breadcrumb\",\"itemListElement\":[{\"@type\":\"ListItem\",\"position\":1,\"name\":\"Home\",\"item\":\"https:\/\/andsinc.wp.vortexdev.com\/fr\/\"},{\"@type\":\"ListItem\",\"position\":2,\"name\":\"Notre culture\",\"item\":\"https:\/\/andsinc.wp.vortexdev.com\/fr\/the-culture\/\"},{\"@type\":\"ListItem\",\"position\":3,\"name\":\"Nos valeurs fondamentales\"}]},{\"@type\":\"WebSite\",\"@id\":\"https:\/\/andsinc.wp.vortexdev.com\/fr\/#website\",\"url\":\"https:\/\/andsinc.wp.vortexdev.com\/fr\/\",\"name\":\"Anderson Sinclair Inc.\",\"description\":\"Avocats, barristers &amp; solicitors\",\"potentialAction\":[{\"@type\":\"SearchAction\",\"target\":{\"@type\":\"EntryPoint\",\"urlTemplate\":\"https:\/\/andsinc.wp.vortexdev.com\/fr\/?s={search_term_string}\"},\"query-input\":{\"@type\":\"PropertyValueSpecification\",\"valueRequired\":true,\"valueName\":\"search_term_string\"}}],\"inLanguage\":\"fr-FR\"}]}<\/script>\n<!-- \/ Yoast SEO plugin. -->","yoast_head_json":{"title":"Nos Valeurs fondametnales | Anderson Sinclair","description":"Faire la r\u00e9ing\u00e9nierie du mod\u00e8le d\u2019affaires dans l\u2019industrie des services juridiques relatifs au recouvrement de cr\u00e9ances des pr\u00eateurs et cr\u00e9anciers au Canada.","robots":{"index":"index","follow":"follow","max-snippet":"max-snippet:-1","max-image-preview":"max-image-preview:large","max-video-preview":"max-video-preview:-1"},"canonical":"https:\/\/andsinc.wp.vortexdev.com\/fr\/notre-culture\/nos-valeurs-fondamentales\/","og_locale":"fr_FR","og_type":"article","og_title":"Nos Valeurs fondametnales | Anderson Sinclair","og_description":"Faire la r\u00e9ing\u00e9nierie du mod\u00e8le d\u2019affaires dans l\u2019industrie des services juridiques relatifs au recouvrement de cr\u00e9ances des pr\u00eateurs et cr\u00e9anciers au Canada.","og_url":"https:\/\/andsinc.wp.vortexdev.com\/fr\/notre-culture\/nos-valeurs-fondamentales\/","og_site_name":"Anderson Sinclair Inc.","article_modified_time":"2018-05-29T19:52:07+00:00","twitter_card":"summary_large_image","twitter_misc":{"Dur\u00e9e de lecture estim\u00e9e":"1 minute"},"schema":{"@context":"https:\/\/schema.org","@graph":[{"@type":"WebPage","@id":"https:\/\/andsinc.wp.vortexdev.com\/fr\/notre-culture\/nos-valeurs-fondamentales\/","url":"https:\/\/andsinc.wp.vortexdev.com\/fr\/notre-culture\/nos-valeurs-fondamentales\/","name":"Nos Valeurs fondametnales | Anderson Sinclair","isPartOf":{"@id":"https:\/\/andsinc.wp.vortexdev.com\/fr\/#website"},"datePublished":"2017-11-08T17:29:44+00:00","dateModified":"2018-05-29T19:52:07+00:00","description":"Faire la r\u00e9ing\u00e9nierie du mod\u00e8le d\u2019affaires dans l\u2019industrie des services juridiques relatifs au recouvrement de cr\u00e9ances des pr\u00eateurs et cr\u00e9anciers au Canada.","breadcrumb":{"@id":"https:\/\/andsinc.wp.vortexdev.com\/fr\/notre-culture\/nos-valeurs-fondamentales\/#breadcrumb"},"inLanguage":"fr-FR","potentialAction":[{"@type":"ReadAction","target":["https:\/\/andsinc.wp.vortexdev.com\/fr\/notre-culture\/nos-valeurs-fondamentales\/"]}]},{"@type":"BreadcrumbList","@id":"https:\/\/andsinc.wp.vortexdev.com\/fr\/notre-culture\/nos-valeurs-fondamentales\/#breadcrumb","itemListElement":[{"@type":"ListItem","position":1,"name":"Home","item":"https:\/\/andsinc.wp.vortexdev.com\/fr\/"},{"@type":"ListItem","position":2,"name":"Notre culture","item":"https:\/\/andsinc.wp.vortexdev.com\/fr\/the-culture\/"},{"@type":"ListItem","position":3,"name":"Nos valeurs fondamentales"}]},{"@type":"WebSite","@id":"https:\/\/andsinc.wp.vortexdev.com\/fr\/#website","url":"https:\/\/andsinc.wp.vortexdev.com\/fr\/","name":"Anderson Sinclair Inc.","description":"Avocats, barristers &amp; solicitors","potentialAction":[{"@type":"SearchAction","target":{"@type":"EntryPoint","urlTemplate":"https:\/\/andsinc.wp.vortexdev.com\/fr\/?s={search_term_string}"},"query-input":{"@type":"PropertyValueSpecification","valueRequired":true,"valueName":"search_term_string"}}],"inLanguage":"fr-FR"}]}},"_links":{"self":[{"href":"https:\/\/andsinc.wp.vortexdev.com\/fr\/wp-json\/wp\/v2\/pages\/717","targetHints":{"allow":["GET"]}}],"collection":[{"href":"https:\/\/andsinc.wp.vortexdev.com\/fr\/wp-json\/wp\/v2\/pages"}],"about":[{"href":"https:\/\/andsinc.wp.vortexdev.com\/fr\/wp-json\/wp\/v2\/types\/page"}],"author":[{"embeddable":true,"href":"https:\/\/andsinc.wp.vortexdev.com\/fr\/wp-json\/wp\/v2\/users\/3"}],"replies":[{"embeddable":true,"href":"https:\/\/andsinc.wp.vortexdev.com\/fr\/wp-json\/wp\/v2\/comments?post=717"}],"version-history":[{"count":6,"href":"https:\/\/andsinc.wp.vortexdev.com\/fr\/wp-json\/wp\/v2\/pages\/717\/revisions"}],"predecessor-version":[{"id":949,"href":"https:\/\/andsinc.wp.vortexdev.com\/fr\/wp-json\/wp\/v2\/pages\/717\/revisions\/949"}],"up":[{"embeddable":true,"href":"https:\/\/andsinc.wp.vortexdev.com\/fr\/wp-json\/wp\/v2\/pages\/714"}],"wp:attachment":[{"href":"https:\/\/andsinc.wp.vortexdev.com\/fr\/wp-json\/wp\/v2\/media?parent=717"}],"curies":[{"name":"wp","href":"https:\/\/api.w.org\/{rel}","templated":true}]}}